{"id":2132,"date":"2021-04-23T09:29:47","date_gmt":"2021-04-23T09:29:47","guid":{"rendered":"https:\/\/www.tierravoz.com\/laextranaeleccion\/?page_id=2132"},"modified":"2021-05-28T17:44:47","modified_gmt":"2021-05-28T17:44:47","slug":"andrea","status":"publish","type":"page","link":"https:\/\/www.tierravoz.com\/laextranaeleccion\/personajes\/andrea\/","title":{"rendered":"Andrea"},"content":{"rendered":"\t\t<div data-elementor-type=\"wp-page\" data-elementor-id=\"2132\" class=\"elementor elementor-2132\">\n\t\t\t\t\t\t<section class=\"elementor-section elementor-top-section elementor-element elementor-element-528a92bf elementor-section-height-full elementor-section-boxed elementor-section-height-default elementor-section-items-middle\" data-id=\"528a92bf\" data-element_type=\"section\" data-e-type=\"section\" data-settings=\"{&quot;background_background&quot;:&quot;classic&quot;}\">\n\t\t\t\t\t\t\t<div class=\"elementor-background-overlay\"><\/div>\n\t\t\t\t\t\t\t<div class=\"elementor-container elementor-column-gap-default\">\n\t\t\t\t\t<div class=\"elementor-column elementor-col-100 elementor-top-column elementor-element elementor-element-18d4d644\" data-id=\"18d4d644\" data-element_type=\"column\" data-e-type=\"column\">\n\t\t\t<div class=\"elementor-widget-wrap elementor-element-populated\">\n\t\t\t\t\t\t<section class=\"elementor-section elementor-inner-section elementor-element elementor-element-7156e46f elementor-section-boxed elementor-section-height-default elementor-section-height-default\" data-id=\"7156e46f\" data-element_type=\"section\" data-e-type=\"section\">\n\t\t\t\t\t\t<div class=\"elementor-container elementor-column-gap-default\">\n\t\t\t\t\t<div class=\"elementor-column elementor-col-100 elementor-inner-column elementor-element elementor-element-166cea4\" data-id=\"166cea4\" data-element_type=\"column\" data-e-type=\"column\">\n\t\t\t<div class=\"elementor-widget-wrap elementor-element-populated\">\n\t\t\t\t\t\t<div class=\"elementor-element elementor-element-66e472f3 elementor-widget elementor-widget-heading\" data-id=\"66e472f3\" data-element_type=\"widget\" data-e-type=\"widget\" data-widget_type=\"heading.default\">\n\t\t\t\t<div class=\"elementor-widget-container\">\n\t\t\t\t\t<h1 class=\"elementor-heading-title elementor-size-default\">Andrea<\/h1>\t\t\t\t<\/div>\n\t\t\t\t<\/div>\n\t\t\t\t\t<\/div>\n\t\t<\/div>\n\t\t\t\t\t<\/div>\n\t\t<\/section>\n\t\t\t\t<section class=\"elementor-section elementor-inner-section elementor-element elementor-element-4a38f84a elementor-section-boxed elementor-section-height-default elementor-section-height-default\" data-id=\"4a38f84a\" data-element_type=\"section\" data-e-type=\"section\">\n\t\t\t\t\t\t<div class=\"elementor-container elementor-column-gap-default\">\n\t\t\t\t\t<div class=\"elementor-column elementor-col-100 elementor-inner-column elementor-element elementor-element-de25652\" data-id=\"de25652\" data-element_type=\"column\" data-e-type=\"column\">\n\t\t\t<div class=\"elementor-widget-wrap elementor-element-populated\">\n\t\t\t\t\t\t<div class=\"elementor-element elementor-element-47773831 elementor-align-center elementor-mobile-align-center elementor-widget elementor-widget-button\" data-id=\"47773831\" data-element_type=\"widget\" data-e-type=\"widget\" data-widget_type=\"button.default\">\n\t\t\t\t<div class=\"elementor-widget-container\">\n\t\t\t\t\t\t\t\t\t<div class=\"elementor-button-wrapper\">\n\t\t\t\t\t<a class=\"elementor-button elementor-button-link elementor-size-sm\" href=\"#andrea\">\n\t\t\t\t\t\t<span class=\"elementor-button-content-wrapper\">\n\t\t\t\t\t\t\t\t\t<span class=\"elementor-button-text\">Continuar<\/span>\n\t\t\t\t\t<\/span>\n\t\t\t\t\t<\/a>\n\t\t\t\t<\/div>\n\t\t\t\t\t\t\t\t<\/div>\n\t\t\t\t<\/div>\n\t\t\t\t<div class=\"elementor-element elementor-element-383caf4d elementor-widget-divider--view-line_icon elementor-view-default elementor-widget-divider--element-align-center elementor-widget elementor-widget-divider\" data-id=\"383caf4d\" data-element_type=\"widget\" data-e-type=\"widget\" data-widget_type=\"divider.default\">\n\t\t\t\t<div class=\"elementor-widget-container\">\n\t\t\t\t\t\t\t<div class=\"elementor-divider\">\n\t\t\t<span class=\"elementor-divider-separator\">\n\t\t\t\t\t\t\t<div class=\"elementor-icon elementor-divider__element\">\n\t\t\t\t\t<i aria-hidden=\"true\" class=\"fas fa-angle-double-down\"><\/i><\/div>\n\t\t\t\t\t\t<\/span>\n\t\t<\/div>\n\t\t\t\t\t\t<\/div>\n\t\t\t\t<\/div>\n\t\t\t\t\t<\/div>\n\t\t<\/div>\n\t\t\t\t\t<\/div>\n\t\t<\/section>\n\t\t\t\t\t<\/div>\n\t\t<\/div>\n\t\t\t\t\t<\/div>\n\t\t<\/section>\n\t\t\t\t<section class=\"elementor-section elementor-top-section elementor-element elementor-element-59d6fb5d elementor-section-boxed elementor-section-height-default elementor-section-height-default\" data-id=\"59d6fb5d\" data-element_type=\"section\" data-e-type=\"section\" id=\"andrea\" data-settings=\"{&quot;background_background&quot;:&quot;classic&quot;}\">\n\t\t\t\t\t\t<div class=\"elementor-container elementor-column-gap-default\">\n\t\t\t\t\t<div class=\"elementor-column elementor-col-100 elementor-top-column elementor-element elementor-element-38c655fb\" data-id=\"38c655fb\" data-element_type=\"column\" data-e-type=\"column\">\n\t\t\t<div class=\"elementor-widget-wrap elementor-element-populated\">\n\t\t\t\t\t\t<section class=\"elementor-section elementor-inner-section elementor-element elementor-element-6fde3f74 elementor-section-boxed elementor-section-height-default elementor-section-height-default\" data-id=\"6fde3f74\" data-element_type=\"section\" data-e-type=\"section\">\n\t\t\t\t\t\t<div class=\"elementor-container elementor-column-gap-default\">\n\t\t\t\t\t<div class=\"elementor-column elementor-col-50 elementor-inner-column elementor-element elementor-element-78f0fbff\" data-id=\"78f0fbff\" data-element_type=\"column\" data-e-type=\"column\">\n\t\t\t<div class=\"elementor-widget-wrap elementor-element-populated\">\n\t\t\t\t\t\t<div class=\"elementor-element elementor-element-16f79fd7 elementor-widget elementor-widget-image\" data-id=\"16f79fd7\" data-element_type=\"widget\" data-e-type=\"widget\" data-widget_type=\"image.default\">\n\t\t\t\t<div class=\"elementor-widget-container\">\n\t\t\t\t\t\t\t\t\t\t\t\t\t\t\t<img fetchpriority=\"high\" decoding=\"async\" width=\"600\" height=\"338\" src=\"https:\/\/www.tierravoz.com\/laextranaeleccion\/wp-content\/uploads\/2014\/02\/andrea4.jpg\" class=\"attachment-large size-large wp-image-785\" alt=\"Andrea colocando el laberinto\" srcset=\"https:\/\/www.tierravoz.com\/laextranaeleccion\/wp-content\/uploads\/2014\/02\/andrea4.jpg 600w, https:\/\/www.tierravoz.com\/laextranaeleccion\/wp-content\/uploads\/2014\/02\/andrea4-300x169.jpg 300w, https:\/\/www.tierravoz.com\/laextranaeleccion\/wp-content\/uploads\/2014\/02\/andrea4-500x281.jpg 500w\" sizes=\"(max-width: 600px) 100vw, 600px\" \/>\t\t\t\t\t\t\t\t\t\t\t\t\t\t\t<\/div>\n\t\t\t\t<\/div>\n\t\t\t\t\t<\/div>\n\t\t<\/div>\n\t\t\t\t<div class=\"elementor-column elementor-col-50 elementor-inner-column elementor-element elementor-element-25235c09\" data-id=\"25235c09\" data-element_type=\"column\" data-e-type=\"column\">\n\t\t\t<div class=\"elementor-widget-wrap elementor-element-populated\">\n\t\t\t\t\t\t<div class=\"elementor-element elementor-element-765a13d5 elementor-widget elementor-widget-heading\" data-id=\"765a13d5\" data-element_type=\"widget\" data-e-type=\"widget\" data-widget_type=\"heading.default\">\n\t\t\t\t<div class=\"elementor-widget-container\">\n\t\t\t\t\t<h2 class=\"elementor-heading-title elementor-size-default\">\u00abRecuperas la dimensi\u00f3n humana, es lo primero que notas cuando vienes de la ciudad al entorno rural\u00bb.<\/h2>\t\t\t\t<\/div>\n\t\t\t\t<\/div>\n\t\t\t\t<div class=\"elementor-element elementor-element-328b8d9d elementor-widget elementor-widget-text-editor\" data-id=\"328b8d9d\" data-element_type=\"widget\" data-e-type=\"widget\" data-widget_type=\"text-editor.default\">\n\t\t\t\t<div class=\"elementor-widget-container\">\n\t\t\t\t\t\t\t\t\t<p><em><strong>Andrea<\/strong>\u00a0<\/em>es una reconocida\u00a0artista alemana\u00a0que teje\u00a0hermosos tapices pict\u00f3ricos. Sus trabajos han viajado por todo el mundo. Participa en proyectos europeos sobre arte textil.<\/p>\t\t\t\t\t\t\t\t<\/div>\n\t\t\t\t<\/div>\n\t\t\t\t\t<\/div>\n\t\t<\/div>\n\t\t\t\t\t<\/div>\n\t\t<\/section>\n\t\t\t\t<section class=\"elementor-section elementor-inner-section elementor-element elementor-element-35b34b01 elementor-section-boxed elementor-section-height-default elementor-section-height-default\" data-id=\"35b34b01\" data-element_type=\"section\" data-e-type=\"section\">\n\t\t\t\t\t\t<div class=\"elementor-container elementor-column-gap-default\">\n\t\t\t\t\t<div class=\"elementor-column elementor-col-50 elementor-inner-column elementor-element elementor-element-2c219332\" data-id=\"2c219332\" data-element_type=\"column\" data-e-type=\"column\">\n\t\t\t<div class=\"elementor-widget-wrap elementor-element-populated\">\n\t\t\t\t\t\t<div class=\"elementor-element elementor-element-3636934 elementor-widget elementor-widget-text-editor\" data-id=\"3636934\" data-element_type=\"widget\" data-e-type=\"widget\" data-widget_type=\"text-editor.default\">\n\t\t\t\t<div class=\"elementor-widget-container\">\n\t\t\t\t\t\t\t\t\t<p><a href=\"https:\/\/amilde.wordpress.com\/\" target=\"_blank\" rel=\"noopener\">Andrea Milde<\/a>\u00a0cuenta hilos, anuda colores, traza l\u00edneas sobre el papel que despu\u00e9s ser\u00e1n fibras en el tapiz. Combina el arte actual con t\u00e9cnicas milenarias, as\u00ed le gustar\u00eda entender su vida en el medio rural.<\/p><p>Tras vivir veinte a\u00f1os en Madrid decide, junto a su familia, trasladarse a un peque\u00f1o pueblo situado entre Cantabria y el norte de Palencia. En el medio rural se nutre del contacto con la naturaleza y vuelve a escuchar su melod\u00eda interior.<\/p><p>Interesada en la salud y la seguridad alimentaria, participa en grupos de consumo y planea el desarrollo de una plantaci\u00f3n ecol\u00f3gica como proyecto empresarial.<\/p><p>Le preocupa mucho que puedan realizar sondeos de fraking en la zona.<\/p>\t\t\t\t\t\t\t\t<\/div>\n\t\t\t\t<\/div>\n\t\t\t\t\t<\/div>\n\t\t<\/div>\n\t\t\t\t<div class=\"elementor-column elementor-col-25 elementor-inner-column elementor-element elementor-element-73c95152\" data-id=\"73c95152\" data-element_type=\"column\" data-e-type=\"column\">\n\t\t\t<div class=\"elementor-widget-wrap elementor-element-populated\">\n\t\t\t\t\t\t<div class=\"elementor-element elementor-element-35c62019 elementor-widget elementor-widget-image\" data-id=\"35c62019\" data-element_type=\"widget\" data-e-type=\"widget\" data-widget_type=\"image.default\">\n\t\t\t\t<div class=\"elementor-widget-container\">\n\t\t\t\t\t\t\t\t\t\t\t\t\t\t\t<img decoding=\"async\" width=\"600\" height=\"315\" data-src=\"https:\/\/www.tierravoz.com\/laextranaeleccion\/wp-content\/uploads\/2014\/02\/Andrea2.jpg\" class=\"attachment-large size-large wp-image-783 lazyload\" alt=\"Andrea sentada en su telar\" data-srcset=\"https:\/\/www.tierravoz.com\/laextranaeleccion\/wp-content\/uploads\/2014\/02\/Andrea2.jpg 600w, https:\/\/www.tierravoz.com\/laextranaeleccion\/wp-content\/uploads\/2014\/02\/Andrea2-300x157.jpg 300w, https:\/\/www.tierravoz.com\/laextranaeleccion\/wp-content\/uploads\/2014\/02\/Andrea2-500x262.jpg 500w\" data-sizes=\"(max-width: 600px) 100vw, 600px\" src=\"data:image\/svg+xml;base64,PHN2ZyB3aWR0aD0iMSIgaGVpZ2h0PSIxIiB4bWxucz0iaHR0cDovL3d3dy53My5vcmcvMjAwMC9zdmciPjwvc3ZnPg==\" style=\"--smush-placeholder-width: 600px; --smush-placeholder-aspect-ratio: 600\/315;\" \/>\t\t\t\t\t\t\t\t\t\t\t\t\t\t\t<\/div>\n\t\t\t\t<\/div>\n\t\t\t\t\t<\/div>\n\t\t<\/div>\n\t\t\t\t<div class=\"elementor-column elementor-col-25 elementor-inner-column elementor-element elementor-element-490304e1\" data-id=\"490304e1\" data-element_type=\"column\" data-e-type=\"column\">\n\t\t\t<div class=\"elementor-widget-wrap elementor-element-populated\">\n\t\t\t\t\t\t<div class=\"elementor-element elementor-element-1f74019e elementor-widget elementor-widget-image\" data-id=\"1f74019e\" data-element_type=\"widget\" data-e-type=\"widget\" data-widget_type=\"image.default\">\n\t\t\t\t<div class=\"elementor-widget-container\">\n\t\t\t\t\t\t\t\t\t\t\t\t\t\t\t<img decoding=\"async\" width=\"600\" height=\"338\" data-src=\"https:\/\/www.tierravoz.com\/laextranaeleccion\/wp-content\/uploads\/2014\/02\/andrea3.jpg\" class=\"attachment-large size-large wp-image-784 lazyload\" alt=\"Andrea protagonista 03\" data-srcset=\"https:\/\/www.tierravoz.com\/laextranaeleccion\/wp-content\/uploads\/2014\/02\/andrea3.jpg 600w, https:\/\/www.tierravoz.com\/laextranaeleccion\/wp-content\/uploads\/2014\/02\/andrea3-300x169.jpg 300w, https:\/\/www.tierravoz.com\/laextranaeleccion\/wp-content\/uploads\/2014\/02\/andrea3-500x281.jpg 500w\" data-sizes=\"(max-width: 600px) 100vw, 600px\" src=\"data:image\/svg+xml;base64,PHN2ZyB3aWR0aD0iMSIgaGVpZ2h0PSIxIiB4bWxucz0iaHR0cDovL3d3dy53My5vcmcvMjAwMC9zdmciPjwvc3ZnPg==\" style=\"--smush-placeholder-width: 600px; --smush-placeholder-aspect-ratio: 600\/338;\" \/>\t\t\t\t\t\t\t\t\t\t\t\t\t\t\t<\/div>\n\t\t\t\t<\/div>\n\t\t\t\t\t<\/div>\n\t\t<\/div>\n\t\t\t\t\t<\/div>\n\t\t<\/section>\n\t\t\t\t\t<\/div>\n\t\t<\/div>\n\t\t\t\t\t<\/div>\n\t\t<\/section>\n\t\t\t\t<\/div>\n\t\t","protected":false},"excerpt":{"rendered":"<p>Andrea Continuar \u00abRecuperas la dimensi\u00f3n humana, es lo primero que notas cuando vienes de la ciudad al entorno rural\u00bb. Andrea\u00a0es una reconocida\u00a0artista alemana\u00a0que teje\u00a0hermosos tapices pict\u00f3ricos. Sus trabajos han viajado por todo el mundo. Participa en proyectos europeos sobre arte textil. Andrea Milde\u00a0cuenta hilos, anuda colores, traza l\u00edneas sobre el papel que despu\u00e9s ser\u00e1n fibras &#8230; <a title=\"Andrea\" class=\"read-more\" href=\"https:\/\/www.tierravoz.com\/laextranaeleccion\/personajes\/andrea\/\" aria-label=\"Leer m\u00e1s sobre Andrea\">Leer m\u00e1s<\/a><\/p>\n","protected":false},"author":1,"featured_media":0,"parent":31,"menu_order":0,"comment_status":"closed","ping_status":"closed","template":"","meta":{"footnotes":""},"class_list":["post-2132","page","type-page","status-publish"],"yoast_head":"<!-- This site is optimized with the Yoast SEO plugin v27.4 - https:\/\/yoast.com\/product\/yoast-seo-wordpress\/ -->\n<title>Andrea - La Extra&ntilde;a Elecci&oacute;n<\/title>\n<meta name=\"description\" content=\"Andrea, progatonista. Recuperas la dimensi\u00f3n humana, es lo primero que notas cuando vienes de la ciudad al entorno rural.\" \/>\n<meta name=\"robots\" content=\"index, follow, max-snippet:-1, max-image-preview:large, max-video-preview:-1\" \/>\n<link rel=\"canonical\" href=\"https:\/\/www.tierravoz.com\/laextranaeleccion\/personajes\/andrea\/\" \/>\n<meta property=\"og:locale\" content=\"es_ES\" \/>\n<meta property=\"og:type\" content=\"article\" \/>\n<meta property=\"og:title\" content=\"Andrea - La Extra&ntilde;a Elecci&oacute;n\" \/>\n<meta property=\"og:description\" content=\"Andrea, progatonista. Recuperas la dimensi\u00f3n humana, es lo primero que notas cuando vienes de la ciudad al entorno rural.\" \/>\n<meta property=\"og:url\" content=\"https:\/\/www.tierravoz.com\/laextranaeleccion\/personajes\/andrea\/\" \/>\n<meta property=\"og:site_name\" content=\"La Extra&ntilde;a Elecci&oacute;n\" \/>\n<meta property=\"article:modified_time\" content=\"2021-05-28T17:44:47+00:00\" \/>\n<meta property=\"og:image\" content=\"https:\/\/www.tierravoz.com\/laextranaeleccion\/wp-content\/uploads\/2014\/02\/andrea4.jpg\" \/>\n<meta name=\"twitter:label1\" content=\"Tiempo de lectura\" \/>\n\t<meta name=\"twitter:data1\" content=\"2 minutos\" \/>\n<script type=\"application\/ld+json\" class=\"yoast-schema-graph\">{\"@context\":\"https:\\\/\\\/schema.org\",\"@graph\":[{\"@type\":\"WebPage\",\"@id\":\"https:\\\/\\\/www.tierravoz.com\\\/laextranaeleccion\\\/personajes\\\/andrea\\\/\",\"url\":\"https:\\\/\\\/www.tierravoz.com\\\/laextranaeleccion\\\/personajes\\\/andrea\\\/\",\"name\":\"Andrea - La Extra&ntilde;a Elecci&oacute;n\",\"isPartOf\":{\"@id\":\"https:\\\/\\\/www.tierravoz.com\\\/laextranaeleccion\\\/#website\"},\"primaryImageOfPage\":{\"@id\":\"https:\\\/\\\/www.tierravoz.com\\\/laextranaeleccion\\\/personajes\\\/andrea\\\/#primaryimage\"},\"image\":{\"@id\":\"https:\\\/\\\/www.tierravoz.com\\\/laextranaeleccion\\\/personajes\\\/andrea\\\/#primaryimage\"},\"thumbnailUrl\":\"https:\\\/\\\/www.tierravoz.com\\\/laextranaeleccion\\\/wp-content\\\/uploads\\\/2014\\\/02\\\/andrea4.jpg\",\"datePublished\":\"2021-04-23T09:29:47+00:00\",\"dateModified\":\"2021-05-28T17:44:47+00:00\",\"description\":\"Andrea, progatonista. Recuperas la dimensi\u00f3n humana, es lo primero que notas cuando vienes de la ciudad al entorno rural.\",\"breadcrumb\":{\"@id\":\"https:\\\/\\\/www.tierravoz.com\\\/laextranaeleccion\\\/personajes\\\/andrea\\\/#breadcrumb\"},\"inLanguage\":\"es\",\"potentialAction\":[{\"@type\":\"ReadAction\",\"target\":[\"https:\\\/\\\/www.tierravoz.com\\\/laextranaeleccion\\\/personajes\\\/andrea\\\/\"]}]},{\"@type\":\"ImageObject\",\"inLanguage\":\"es\",\"@id\":\"https:\\\/\\\/www.tierravoz.com\\\/laextranaeleccion\\\/personajes\\\/andrea\\\/#primaryimage\",\"url\":\"https:\\\/\\\/www.tierravoz.com\\\/laextranaeleccion\\\/wp-content\\\/uploads\\\/2014\\\/02\\\/andrea4.jpg\",\"contentUrl\":\"https:\\\/\\\/www.tierravoz.com\\\/laextranaeleccion\\\/wp-content\\\/uploads\\\/2014\\\/02\\\/andrea4.jpg\",\"width\":600,\"height\":338,\"caption\":\"Andrea colocando el laberinto\"},{\"@type\":\"BreadcrumbList\",\"@id\":\"https:\\\/\\\/www.tierravoz.com\\\/laextranaeleccion\\\/personajes\\\/andrea\\\/#breadcrumb\",\"itemListElement\":[{\"@type\":\"ListItem\",\"position\":1,\"name\":\"Portada\",\"item\":\"https:\\\/\\\/www.tierravoz.com\\\/laextranaeleccion\\\/\"},{\"@type\":\"ListItem\",\"position\":2,\"name\":\"Protagonistas\",\"item\":\"https:\\\/\\\/www.tierravoz.com\\\/laextranaeleccion\\\/personajes\\\/\"},{\"@type\":\"ListItem\",\"position\":3,\"name\":\"Andrea\"}]},{\"@type\":\"WebSite\",\"@id\":\"https:\\\/\\\/www.tierravoz.com\\\/laextranaeleccion\\\/#website\",\"url\":\"https:\\\/\\\/www.tierravoz.com\\\/laextranaeleccion\\\/\",\"name\":\"La Extra&ntilde;a Elecci&oacute;n\",\"description\":\"Colocamos el pueblo en el centro de todo y analizamos el mundo\",\"publisher\":{\"@id\":\"https:\\\/\\\/www.tierravoz.com\\\/laextranaeleccion\\\/#organization\"},\"potentialAction\":[{\"@type\":\"SearchAction\",\"target\":{\"@type\":\"EntryPoint\",\"urlTemplate\":\"https:\\\/\\\/www.tierravoz.com\\\/laextranaeleccion\\\/?s={search_term_string}\"},\"query-input\":{\"@type\":\"PropertyValueSpecification\",\"valueRequired\":true,\"valueName\":\"search_term_string\"}}],\"inLanguage\":\"es\"},{\"@type\":\"Organization\",\"@id\":\"https:\\\/\\\/www.tierravoz.com\\\/laextranaeleccion\\\/#organization\",\"name\":\"La Extra&ntilde;a Elecci&oacute;n\",\"url\":\"https:\\\/\\\/www.tierravoz.com\\\/laextranaeleccion\\\/\",\"logo\":{\"@type\":\"ImageObject\",\"inLanguage\":\"es\",\"@id\":\"https:\\\/\\\/www.tierravoz.com\\\/laextranaeleccion\\\/#\\\/schema\\\/logo\\\/image\\\/\",\"url\":\"https:\\\/\\\/www.tierravoz.com\\\/laextranaeleccion\\\/wp-content\\\/uploads\\\/2018\\\/02\\\/logoextrana.png\",\"contentUrl\":\"https:\\\/\\\/www.tierravoz.com\\\/laextranaeleccion\\\/wp-content\\\/uploads\\\/2018\\\/02\\\/logoextrana.png\",\"width\":192,\"height\":30,\"caption\":\"La Extra&ntilde;a Elecci&oacute;n\"},\"image\":{\"@id\":\"https:\\\/\\\/www.tierravoz.com\\\/laextranaeleccion\\\/#\\\/schema\\\/logo\\\/image\\\/\"}}]}<\/script>\n<!-- \/ Yoast SEO plugin. -->","yoast_head_json":{"title":"Andrea - La Extra&ntilde;a Elecci&oacute;n","description":"Andrea, progatonista. Recuperas la dimensi\u00f3n humana, es lo primero que notas cuando vienes de la ciudad al entorno rural.","robots":{"index":"index","follow":"follow","max-snippet":"max-snippet:-1","max-image-preview":"max-image-preview:large","max-video-preview":"max-video-preview:-1"},"canonical":"https:\/\/www.tierravoz.com\/laextranaeleccion\/personajes\/andrea\/","og_locale":"es_ES","og_type":"article","og_title":"Andrea - La Extra&ntilde;a Elecci&oacute;n","og_description":"Andrea, progatonista. Recuperas la dimensi\u00f3n humana, es lo primero que notas cuando vienes de la ciudad al entorno rural.","og_url":"https:\/\/www.tierravoz.com\/laextranaeleccion\/personajes\/andrea\/","og_site_name":"La Extra&ntilde;a Elecci&oacute;n","article_modified_time":"2021-05-28T17:44:47+00:00","og_image":[{"url":"https:\/\/www.tierravoz.com\/laextranaeleccion\/wp-content\/uploads\/2014\/02\/andrea4.jpg","type":"","width":"","height":""}],"twitter_misc":{"Tiempo de lectura":"2 minutos"},"schema":{"@context":"https:\/\/schema.org","@graph":[{"@type":"WebPage","@id":"https:\/\/www.tierravoz.com\/laextranaeleccion\/personajes\/andrea\/","url":"https:\/\/www.tierravoz.com\/laextranaeleccion\/personajes\/andrea\/","name":"Andrea - La Extra&ntilde;a Elecci&oacute;n","isPartOf":{"@id":"https:\/\/www.tierravoz.com\/laextranaeleccion\/#website"},"primaryImageOfPage":{"@id":"https:\/\/www.tierravoz.com\/laextranaeleccion\/personajes\/andrea\/#primaryimage"},"image":{"@id":"https:\/\/www.tierravoz.com\/laextranaeleccion\/personajes\/andrea\/#primaryimage"},"thumbnailUrl":"https:\/\/www.tierravoz.com\/laextranaeleccion\/wp-content\/uploads\/2014\/02\/andrea4.jpg","datePublished":"2021-04-23T09:29:47+00:00","dateModified":"2021-05-28T17:44:47+00:00","description":"Andrea, progatonista. Recuperas la dimensi\u00f3n humana, es lo primero que notas cuando vienes de la ciudad al entorno rural.","breadcrumb":{"@id":"https:\/\/www.tierravoz.com\/laextranaeleccion\/personajes\/andrea\/#breadcrumb"},"inLanguage":"es","potentialAction":[{"@type":"ReadAction","target":["https:\/\/www.tierravoz.com\/laextranaeleccion\/personajes\/andrea\/"]}]},{"@type":"ImageObject","inLanguage":"es","@id":"https:\/\/www.tierravoz.com\/laextranaeleccion\/personajes\/andrea\/#primaryimage","url":"https:\/\/www.tierravoz.com\/laextranaeleccion\/wp-content\/uploads\/2014\/02\/andrea4.jpg","contentUrl":"https:\/\/www.tierravoz.com\/laextranaeleccion\/wp-content\/uploads\/2014\/02\/andrea4.jpg","width":600,"height":338,"caption":"Andrea colocando el laberinto"},{"@type":"BreadcrumbList","@id":"https:\/\/www.tierravoz.com\/laextranaeleccion\/personajes\/andrea\/#breadcrumb","itemListElement":[{"@type":"ListItem","position":1,"name":"Portada","item":"https:\/\/www.tierravoz.com\/laextranaeleccion\/"},{"@type":"ListItem","position":2,"name":"Protagonistas","item":"https:\/\/www.tierravoz.com\/laextranaeleccion\/personajes\/"},{"@type":"ListItem","position":3,"name":"Andrea"}]},{"@type":"WebSite","@id":"https:\/\/www.tierravoz.com\/laextranaeleccion\/#website","url":"https:\/\/www.tierravoz.com\/laextranaeleccion\/","name":"La Extra&ntilde;a Elecci&oacute;n","description":"Colocamos el pueblo en el centro de todo y analizamos el mundo","publisher":{"@id":"https:\/\/www.tierravoz.com\/laextranaeleccion\/#organization"},"potentialAction":[{"@type":"SearchAction","target":{"@type":"EntryPoint","urlTemplate":"https:\/\/www.tierravoz.com\/laextranaeleccion\/?s={search_term_string}"},"query-input":{"@type":"PropertyValueSpecification","valueRequired":true,"valueName":"search_term_string"}}],"inLanguage":"es"},{"@type":"Organization","@id":"https:\/\/www.tierravoz.com\/laextranaeleccion\/#organization","name":"La Extra&ntilde;a Elecci&oacute;n","url":"https:\/\/www.tierravoz.com\/laextranaeleccion\/","logo":{"@type":"ImageObject","inLanguage":"es","@id":"https:\/\/www.tierravoz.com\/laextranaeleccion\/#\/schema\/logo\/image\/","url":"https:\/\/www.tierravoz.com\/laextranaeleccion\/wp-content\/uploads\/2018\/02\/logoextrana.png","contentUrl":"https:\/\/www.tierravoz.com\/laextranaeleccion\/wp-content\/uploads\/2018\/02\/logoextrana.png","width":192,"height":30,"caption":"La Extra&ntilde;a Elecci&oacute;n"},"image":{"@id":"https:\/\/www.tierravoz.com\/laextranaeleccion\/#\/schema\/logo\/image\/"}}]}},"_links":{"self":[{"href":"https:\/\/www.tierravoz.com\/laextranaeleccion\/wp-json\/wp\/v2\/pages\/2132","targetHints":{"allow":["GET"]}}],"collection":[{"href":"https:\/\/www.tierravoz.com\/laextranaeleccion\/wp-json\/wp\/v2\/pages"}],"about":[{"href":"https:\/\/www.tierravoz.com\/laextranaeleccion\/wp-json\/wp\/v2\/types\/page"}],"author":[{"embeddable":true,"href":"https:\/\/www.tierravoz.com\/laextranaeleccion\/wp-json\/wp\/v2\/users\/1"}],"replies":[{"embeddable":true,"href":"https:\/\/www.tierravoz.com\/laextranaeleccion\/wp-json\/wp\/v2\/comments?post=2132"}],"version-history":[{"count":13,"href":"https:\/\/www.tierravoz.com\/laextranaeleccion\/wp-json\/wp\/v2\/pages\/2132\/revisions"}],"predecessor-version":[{"id":2229,"href":"https:\/\/www.tierravoz.com\/laextranaeleccion\/wp-json\/wp\/v2\/pages\/2132\/revisions\/2229"}],"up":[{"embeddable":true,"href":"https:\/\/www.tierravoz.com\/laextranaeleccion\/wp-json\/wp\/v2\/pages\/31"}],"wp:attachment":[{"href":"https:\/\/www.tierravoz.com\/laextranaeleccion\/wp-json\/wp\/v2\/media?parent=2132"}],"curies":[{"name":"wp","href":"https:\/\/api.w.org\/{rel}","templated":true}]}}