{"id":2293,"date":"2021-07-08T12:00:32","date_gmt":"2021-07-08T12:00:32","guid":{"rendered":"https:\/\/www.tierravoz.com\/laextranaeleccion\/?page_id=2293"},"modified":"2021-07-08T12:23:05","modified_gmt":"2021-07-08T12:23:05","slug":"aviso-legal","status":"publish","type":"page","link":"https:\/\/www.tierravoz.com\/laextranaeleccion\/aviso-legal\/","title":{"rendered":"Aviso legal"},"content":{"rendered":"\n<p>En este espacio, el USUARIO, podr\u00e1 encontrar toda la informaci\u00f3n relativa a los t\u00e9rminos y condiciones legales que definen las relaciones entre los usuarios y nosotros como responsables de esta web. Como usuario, es importante que conozcas estos t\u00e9rminos antes de continuar tu navegaci\u00f3n. Tierravoz S.L., como responsable de esta web, asume el compromiso de procesar la informaci\u00f3n de nuestros usuarios y clientes con plenas garant\u00edas y cumplir con los requisitos nacionales y europeos que regulan la recopilaci\u00f3n y uso de los datos personales de nuestros usuarios. Esta web, por tanto, cumple rigurosamente con el RGPD (REGLAMENTO (UE) 2016\/679 de protecci\u00f3n de datos) y la LSSI-CE la Ley 34\/2002, de 11 de julio, de servicios de la sociedad de la informaci\u00f3n y de comercio electr\u00f3nico.<\/p>\n\n\n\n<h2 class=\"wp-block-heading\"><br>Identificaci\u00f3n y titularidad<\/h2>\n\n\n\n<p>En cumplimiento del art\u00edculo 10 de la Ley 34\/2002, de 11 de julio, de Servicios de la Sociedad de la Informaci\u00f3n y Comercio Electr\u00f3nico, el Titular expone sus datos identificativos.<\/p>\n\n\n\n<p>Titular: Tierravoz Sl.<br>NIF: B74139924<br>Domicilio: Calle Donato Arguelles, 9 \u2013 PISO 1 D, Gijon, 33206., Asturias \u2013 Espa\u00f1a.<br>Correo electr\u00f3nico: info@tierravoz.com<br>Tel\u00e9fono de contacto: 984290041<br>Sitio Web: https:\/\/www.tierravoz.com\/laextranaeleccion<br><\/p>\n\n\n\n<h2 class=\"wp-block-heading\">Finalidad<\/h2>\n\n\n\n<p>La finalidad del sitio Web<a href=\"https:\/\/www.tierravoz.com\/laextranaeleccion\"> https:\/\/www.tierravoz.com\/laextranaeleccion<\/a> es proporcionar servicios de producci\u00f3n audiovisual, comunicaci\u00f3n y formaci\u00f3n.<\/p>\n\n\n\n<h2 class=\"wp-block-heading\">Condiciones generales de uso<\/h2>\n\n\n\n<p>La utilizaci\u00f3n del sitio Web te otorga la condici\u00f3n de Usuario, e implica la aceptaci\u00f3n completa de todas las cl\u00e1usulas y condiciones de uso incluidas en las p\u00e1ginas Aviso Legal y Pol\u00edtica de Cookies. Si no est\u00e1s conforme con todas y cada una de estas cl\u00e1usulas y condiciones te abstendr\u00e1s de utilizar este sitio Web.<\/p>\n\n\n\n<p>El acceso a este sitio Web no supone, en modo alguno, el inicio de una relaci\u00f3n comercial con Tierravoz Sl.<\/p>\n\n\n\n<p>A trav\u00e9s de este sitio Web, el Titular te facilita el acceso y la utilizaci\u00f3n de diversos contenidos que el Titular o sus colaboradores han publicado por medio de Internet.<\/p>\n\n\n\n<p>A tal efecto, te obligas y comprometes a NO utilizar cualquiera de los contenidos del sitio Web con fines o efectos il\u00edcitos, prohibidos en este Aviso Legal o por la legislaci\u00f3n vigente, lesivos de los derechos e intereses de terceros, o que de cualquier forma puedan da\u00f1ar, inutilizar, sobrecargar, deteriorar o impedir la normal utilizaci\u00f3n de los contenidos, los equipos inform\u00e1ticos o los documentos, archivos y toda clase de contenidos almacenados en cualquier equipo inform\u00e1tico propios o contratados por Tierravoz Sl, de otros usuarios o de cualquier usuario de Internet.<\/p>\n\n\n\n<h2 class=\"wp-block-heading\">Medidas de seguridad<\/h2>\n\n\n\n<p>Los datos personales que facilites al Titular pueden ser almacenados en bases de datos automatizadas o no, cuya titularidad corresponde en exclusiva a Tierravoz Sl, que asume todas las medidas de \u00edndole t\u00e9cnica, organizativa y de seguridad que garantizan la confidencialidad, integridad y calidad de la informaci\u00f3n contenida en las mismas de acuerdo con lo establecido en la normativa vigente en protecci\u00f3n de datos.<\/p>\n\n\n\n<p>No obstante, debes ser consciente de que las medidas de seguridad de los sistemas inform\u00e1ticos en Internet no son enteramente fiables y que, por tanto el Titular no puede garantizar la inexistencia de virus u otros elementos que puedan producir alteraciones en los sistemas inform\u00e1ticos (software y hardware) del Usuario o en sus documentos electr\u00f3nicos y ficheros contenidos en los mismos aunque el Titular pone todos los medios necesarios y toma las medidas de seguridad oportunas para evitar la presencia de estos elementos da\u00f1inos.<\/p>\n\n\n\n<h2 class=\"wp-block-heading\">Contenidos<\/h2>\n\n\n\n<p>El Titular ha obtenido la informaci\u00f3n, el contenido multimedia y los materiales incluidos en el sitio Web de fuentes que considera fiables, pero, si bien ha tomado todas las medidas razonables para asegurar que la informaci\u00f3n contenida es correcta, el Titular no garantiza que sea exacta, completa o actualizada. Tierravoz Sl declina expresamente cualquier responsabilidad por error u omisi\u00f3n en la informaci\u00f3n contenida en las p\u00e1ginas de este sitio Web.<\/p>\n\n\n\n<p>Queda prohibido transmitir o enviar a trav\u00e9s del sitio Web cualquier contenido ilegal o il\u00edcito, virus inform\u00e1ticos, o mensajes que, en general, afecten o violen derechos de el Titular o de terceros.<\/p>\n\n\n\n<p>Los contenidos de https:\/\/www.tierravoz.com\/laextranaeleccion tienen \u00fanicamente una finalidad informativa y bajo ninguna circunstancia deben usarse ni considerarse como oferta de venta, solicitud de una oferta de compra ni recomendaci\u00f3n para realizar cualquier otra operaci\u00f3n, salvo que as\u00ed se indique expresamente.<\/p>\n\n\n\n<p>Tierravoz Sl se reserva el derecho a modificar, suspender, cancelar o restringir el contenido de https:\/\/www.tierravoz.com\/laextranaeleccion, los v\u00ednculos o la informaci\u00f3n obtenida a trav\u00e9s del sitio Web, sin necesidad de previo aviso.<\/p>\n\n\n\n<p>Tierravoz Sl no es responsable de los da\u00f1os y perjuicios que pudieran derivarse de la utilizaci\u00f3n de la informaci\u00f3n del sitio Web o de la contenida en las redes sociales del Titular.<\/p>\n\n\n\n<h2 class=\"wp-block-heading\">Pol\u00edtica de Cookies<\/h2>\n\n\n\n<p>En la p\u00e1gina <a href=\"https:\/\/www.tierravoz.com\/laextranaeleccion\/politica-de-cookies\">Pol\u00edtica de Cookies<\/a> puedes consultar toda la informaci\u00f3n relativa a la pol\u00edtica de recogida y tratamiento de las cookies.<\/p>\n\n\n\n<h2 class=\"wp-block-heading\">Enlaces externos<\/h2>\n\n\n\n<p>Tierravoz.com\/laextranaelecci\u00f3n podr\u00eda proporcionar enlaces a otros sitios web propios y contenidos que son propiedad de terceros. El \u00fanico objeto de los enlaces es proporcionar al Usuario la posibilidad de acceder a dichos enlaces. https:\/\/www.tierravoz.com\/laextranaeleccion no se responsabiliza en ning\u00fan caso de los resultados que puedan derivarse al Usuario por acceso a dichos enlaces.<br>Asimismo, el usuario encontrar\u00e1 dentro de este sitio, p\u00e1ginas, promociones, programas de afiliados que acceden a los h\u00e1bitos de navegaci\u00f3n de los usuarios para establecer perfiles. Esta informaci\u00f3n siempre es an\u00f3nima y no se identifica al usuario.<\/p>\n\n\n\n<p>La Informaci\u00f3n que se proporcione en estos Sitios patrocinado o enlaces de afiliados est\u00e1 sujeta a las pol\u00edticas de privacidad que se utilicen en dichos Sitios y no estar\u00e1 sujeta a esta pol\u00edtica de privacidad. Por lo que recomendamos ampliamente a los Usuarios a revisar detalladamente las pol\u00edticas de privacidad de los enlaces de afiliado.<br>El Usuario que se proponga establecer cualquier dispositivo t\u00e9cnico de enlace desde su sitio web al portal https:\/\/www.tierravoz.com\/laextranaeleccion deber\u00e1 obtener la autorizaci\u00f3n previa y escrita de http:\/\/tierravoz.com\/laextraneleccion. El establecimiento del enlace no implica en ning\u00fan caso la existencia de relaciones entre https:\/\/www.tierravoz.com\/laextranaeleccion y el propietario del sitio en el que se establezca el enlace, ni la aceptaci\u00f3n o aprobaci\u00f3n por parte de http:\/\/tierravoz.com\/laextranaleccion de sus contenidos o servicios<\/p>\n\n\n\n<h2 class=\"wp-block-heading\">Datos personales que recabamos y c\u00f3mo lo hacemos<\/h2>\n\n\n\n<p>Leer <a href=\"\/politica-de-privacidad\">Pol\u00edtica de Privacidad<\/a><\/p>\n\n\n\n<h2 class=\"wp-block-heading\">Compromisos y obligaciones de los usuarios<\/h2>\n\n\n\n<p>El Usuario queda informado, y acepta, que el acceso a la presente web no supone, en modo alguno, el inicio de una relaci\u00f3n comercial con https:\/\/www.tierravoz.com\/laextranaeleccion. De esta forma, el usuario se compromete a utilizar el sitio Web, sus servicios y contenidos sin contravenir la legislaci\u00f3n vigente, la buena fe y el orden p\u00fablico.<br>Queda prohibido el uso de la web, con fines il\u00edcitos o lesivos, o que, de cualquier forma, puedan causar perjuicio o impedir el normal funcionamiento del sitio web. Respecto de los contenidos de esta web, se proh\u00edbe: su reproducci\u00f3n, distribuci\u00f3n o modificaci\u00f3n, total o parcial, a menos que se cuente con la autorizaci\u00f3n de sus leg\u00edtimos titulares; cualquier vulneraci\u00f3n de los derechos del prestador o de los leg\u00edtimos titulares; su utilizaci\u00f3n para fines comerciales o publicitarios.<\/p>\n\n\n\n<p>En la utilizaci\u00f3n de la web, https:\/\/www.tierravoz.com\/laextranaeleccion, el Usuario se compromete a no llevar a cabo ninguna conducta que pudiera da\u00f1ar la imagen, los intereses y los derechos de https:\/\/www.tierravoz.com\/laextranaeleccion o de terceros o que pudiera da\u00f1ar, inutilizar o sobrecargar el portal https:\/\/www.tierravoz.com\/laextranaeleccion o que impidiera, de cualquier forma, la normal utilizaci\u00f3n de la web. No obstante, el Usuario debe ser consciente de que las medidas de seguridad de los sistemas inform\u00e1ticos en Internet no son enteramente fiables y que, por tanto https:\/\/www.tierravoz.com\/laextranaeleccion no puede garantizar la inexistencia de virus u otros elementos que puedan producir alteraciones en los sistemas inform\u00e1ticos (software y hardware) del Usuario o en sus documentos electr\u00f3nicos y ficheros contenidos en los mismos.<\/p>\n\n\n\n<h2 class=\"wp-block-heading\">Derechos de propiedad intelectual e industrial<\/h2>\n\n\n\n<p>En virtud de lo dispuesto en los art\u00edculos 8 y 32.1, p\u00e1rrafo segundo, de la Ley de Propiedad Intelectual, quedan expresamente prohibidas la reproducci\u00f3n, la distribuci\u00f3n y la comunicaci\u00f3n p\u00fablica, incluida su modalidad de puesta a disposici\u00f3n, de la totalidad o parte de los contenidos de esta p\u00e1gina web, con fines comerciales, en cualquier soporte y por cualquier medio t\u00e9cnico, sin la autorizaci\u00f3n de https:\/\/www.tierravoz.com\/laextranaeleccion. El usuario se compromete a respetar los derechos de Propiedad Intelectual e Industrial titularidad de https:\/\/www.tierravoz.com\/laextranaeleccion.<br>El usuario conoce y acepta que la totalidad del sitio web, conteniendo sin car\u00e1cter exhaustivo el texto, software, contenidos (incluyendo estructura, selecci\u00f3n, ordenaci\u00f3n y presentaci\u00f3n de los mismos) podcast, fotograf\u00edas, material audiovisual y gr\u00e1ficos, est\u00e1 protegida por marcas, derechos de autor y otros derechos leg\u00edtimos, de acuerdo con los tratados internacionales en los que Espa\u00f1a es parte y otros derechos de propiedad y leyes de Espa\u00f1a. En el caso de que un usuario o un tercero consideren que se ha producido una violaci\u00f3n de sus leg\u00edtimos derechos de propiedad intelectual por la introducci\u00f3n de un determinado contenido en la web, deber\u00e1 notificar dicha circunstancia a https:\/\/www.tierravoz.com\/laextranaeleccion indicando:<\/p>\n\n\n\n<ul class=\"wp-block-list\"><li>Datos personales del interesado titular de los derechos presuntamente infringidos, o indicar la representaci\u00f3n con la que act\u00faa en caso de que la reclamaci\u00f3n la presente un tercero distinto del interesado.<\/li><li>Se\u00f1alar los contenidos protegidos por los derechos de propiedad intelectual y su ubicaci\u00f3n en la web, la acreditaci\u00f3n de los derechos de propiedad intelectual se\u00f1alados y declaraci\u00f3n expresa en la que el interesado se responsabiliza de la veracidad de las informaciones facilitadas en la notificaci\u00f3n.<\/li><\/ul>\n\n\n\n<h2 class=\"wp-block-heading\">Pol\u00edtica de comentarios<\/h2>\n\n\n\n<p>En nuestra web y se permiten realizar comentarios para enriquecer los contenidos y realizar consultas. No se admitir\u00e1n comentarios que no est\u00e9n relacionados con la tem\u00e1tica de esta web, que incluyan difamaciones, agravios, insultos, ataques personales o faltas de respeto en general hacia el autor o hacia otros miembros. Tambi\u00e9n ser\u00e1n suprimidos los comentarios que contengan informaci\u00f3n que sea obviamente enga\u00f1osa o falsa, as\u00ed como los comentarios que contengan informaci\u00f3n personal, como, por ejemplo, domicilios privado o tel\u00e9fonos y que vulneren nuestra pol\u00edtica de protecci\u00f3n de datos.<br>Se desestimar\u00e1, igualmente, aquellos comentarios creados s\u00f3lo con fines promocionales de una web, persona o colectivo y todo lo que pueda ser considerado spam en general.<br>No se permiten comentarios an\u00f3nimos, as\u00ed como aquellos realizados por una misma persona con distintos apodos. No se considerar\u00e1n tampoco aquellos comentarios que intenten forzar un debate o una toma de postura por otro usuario.<\/p>\n\n\n\n<h2 class=\"wp-block-heading\">Exclusi\u00f3n de garant\u00edas y responsabilidad<\/h2>\n\n\n\n<p>El Prestador no otorga ninguna garant\u00eda ni se hace responsable, en ning\u00fan caso, de los da\u00f1os y perjuicios de cualquier naturaleza que pudieran traer causa de:<\/p>\n\n\n\n<ul class=\"wp-block-list\"><li>La falta de disponibilidad, mantenimiento y efectivo funcionamiento de la web, o de sus servicios y contenidos;<\/li><li>La existencia de virus, programas maliciosos o lesivos en los contenidos;<\/li><li>El uso il\u00edcito, negligente, fraudulento o contrario a este Aviso Legal;<\/li><li>La falta de licitud, calidad, fiabilidad, utilidad y disponibilidad de los servicios prestados por terceros y puestos a disposici\u00f3n de los usuarios en el sitio web.<\/li><li>El prestador no se hace responsable bajo ning\u00fan concepto de los da\u00f1os que pudieran dimanar del uso ilegal o indebido de la presente p\u00e1gina web.<\/li><\/ul>\n\n\n\n<h2 class=\"wp-block-heading\">Ley aplicable y jurisdicci\u00f3n<\/h2>\n\n\n\n<p>Con car\u00e1cter general las relaciones entre https:\/\/www.tierravoz.com\/laextranaeleccion con los Usuarios de sus servicios telem\u00e1ticos, presentes en esta web se encuentran sometidas a la legislaci\u00f3n y jurisdicci\u00f3n espa\u00f1olas y a los tribunales.<\/p>\n\n\n\n<h2 class=\"wp-block-heading\">Contacto<\/h2>\n\n\n\n<p>En caso de que cualquier Usuario tuviese alguna duda acerca de estas Condiciones legales o cualquier comentario sobre el portal https:\/\/www.tierravoz.com\/laextranaeleccion, por favor dir\u00edjase a info@tierravoz.com<\/p>\n","protected":false},"excerpt":{"rendered":"<p>En este espacio, el USUARIO, podr\u00e1 encontrar toda la informaci\u00f3n relativa a los t\u00e9rminos y condiciones legales que definen las relaciones entre los usuarios y nosotros como responsables de esta web. Como usuario, es importante que conozcas estos t\u00e9rminos antes de continuar tu navegaci\u00f3n. Tierravoz S.L., como responsable de esta web, asume el compromiso de &#8230; <a title=\"Aviso legal\" class=\"read-more\" href=\"https:\/\/www.tierravoz.com\/laextranaeleccion\/aviso-legal\/\" aria-label=\"Leer m\u00e1s sobre Aviso legal\">Leer m\u00e1s<\/a><\/p>\n","protected":false},"author":1,"featured_media":0,"parent":0,"menu_order":0,"comment_status":"closed","ping_status":"closed","template":"","meta":{"footnotes":""},"class_list":["post-2293","page","type-page","status-publish"],"yoast_head":"<!-- This site is optimized with the Yoast SEO plugin v27.4 - https:\/\/yoast.com\/product\/yoast-seo-wordpress\/ -->\n<title>Aviso legal - La Extra&ntilde;a Elecci&oacute;n<\/title>\n<meta name=\"robots\" content=\"index, follow, max-snippet:-1, max-image-preview:large, max-video-preview:-1\" \/>\n<link rel=\"canonical\" href=\"https:\/\/www.tierravoz.com\/laextranaeleccion\/aviso-legal\/\" \/>\n<meta property=\"og:locale\" content=\"es_ES\" \/>\n<meta property=\"og:type\" content=\"article\" \/>\n<meta property=\"og:title\" content=\"Aviso legal - La Extra&ntilde;a Elecci&oacute;n\" \/>\n<meta property=\"og:description\" content=\"En este espacio, el USUARIO, podr\u00e1 encontrar toda la informaci\u00f3n relativa a los t\u00e9rminos y condiciones legales que definen las relaciones entre los usuarios y nosotros como responsables de esta web. Como usuario, es importante que conozcas estos t\u00e9rminos antes de continuar tu navegaci\u00f3n. Tierravoz S.L., como responsable de esta web, asume el compromiso de ... Leer m\u00e1s\" \/>\n<meta property=\"og:url\" content=\"https:\/\/www.tierravoz.com\/laextranaeleccion\/aviso-legal\/\" \/>\n<meta property=\"og:site_name\" content=\"La Extra&ntilde;a Elecci&oacute;n\" \/>\n<meta property=\"article:modified_time\" content=\"2021-07-08T12:23:05+00:00\" \/>\n<meta name=\"twitter:label1\" content=\"Tiempo de lectura\" \/>\n\t<meta name=\"twitter:data1\" content=\"9 minutos\" \/>\n<script type=\"application\/ld+json\" class=\"yoast-schema-graph\">{\"@context\":\"https:\\\/\\\/schema.org\",\"@graph\":[{\"@type\":\"WebPage\",\"@id\":\"https:\\\/\\\/www.tierravoz.com\\\/laextranaeleccion\\\/aviso-legal\\\/\",\"url\":\"https:\\\/\\\/www.tierravoz.com\\\/laextranaeleccion\\\/aviso-legal\\\/\",\"name\":\"Aviso legal - La Extra&ntilde;a Elecci&oacute;n\",\"isPartOf\":{\"@id\":\"https:\\\/\\\/www.tierravoz.com\\\/laextranaeleccion\\\/#website\"},\"datePublished\":\"2021-07-08T12:00:32+00:00\",\"dateModified\":\"2021-07-08T12:23:05+00:00\",\"breadcrumb\":{\"@id\":\"https:\\\/\\\/www.tierravoz.com\\\/laextranaeleccion\\\/aviso-legal\\\/#breadcrumb\"},\"inLanguage\":\"es\",\"potentialAction\":[{\"@type\":\"ReadAction\",\"target\":[\"https:\\\/\\\/www.tierravoz.com\\\/laextranaeleccion\\\/aviso-legal\\\/\"]}]},{\"@type\":\"BreadcrumbList\",\"@id\":\"https:\\\/\\\/www.tierravoz.com\\\/laextranaeleccion\\\/aviso-legal\\\/#breadcrumb\",\"itemListElement\":[{\"@type\":\"ListItem\",\"position\":1,\"name\":\"Portada\",\"item\":\"https:\\\/\\\/www.tierravoz.com\\\/laextranaeleccion\\\/\"},{\"@type\":\"ListItem\",\"position\":2,\"name\":\"Aviso legal\"}]},{\"@type\":\"WebSite\",\"@id\":\"https:\\\/\\\/www.tierravoz.com\\\/laextranaeleccion\\\/#website\",\"url\":\"https:\\\/\\\/www.tierravoz.com\\\/laextranaeleccion\\\/\",\"name\":\"La Extra&ntilde;a Elecci&oacute;n\",\"description\":\"Colocamos el pueblo en el centro de todo y analizamos el mundo\",\"publisher\":{\"@id\":\"https:\\\/\\\/www.tierravoz.com\\\/laextranaeleccion\\\/#organization\"},\"potentialAction\":[{\"@type\":\"SearchAction\",\"target\":{\"@type\":\"EntryPoint\",\"urlTemplate\":\"https:\\\/\\\/www.tierravoz.com\\\/laextranaeleccion\\\/?s={search_term_string}\"},\"query-input\":{\"@type\":\"PropertyValueSpecification\",\"valueRequired\":true,\"valueName\":\"search_term_string\"}}],\"inLanguage\":\"es\"},{\"@type\":\"Organization\",\"@id\":\"https:\\\/\\\/www.tierravoz.com\\\/laextranaeleccion\\\/#organization\",\"name\":\"La Extra&ntilde;a Elecci&oacute;n\",\"url\":\"https:\\\/\\\/www.tierravoz.com\\\/laextranaeleccion\\\/\",\"logo\":{\"@type\":\"ImageObject\",\"inLanguage\":\"es\",\"@id\":\"https:\\\/\\\/www.tierravoz.com\\\/laextranaeleccion\\\/#\\\/schema\\\/logo\\\/image\\\/\",\"url\":\"https:\\\/\\\/www.tierravoz.com\\\/laextranaeleccion\\\/wp-content\\\/uploads\\\/2018\\\/02\\\/logoextrana.png\",\"contentUrl\":\"https:\\\/\\\/www.tierravoz.com\\\/laextranaeleccion\\\/wp-content\\\/uploads\\\/2018\\\/02\\\/logoextrana.png\",\"width\":192,\"height\":30,\"caption\":\"La Extra&ntilde;a Elecci&oacute;n\"},\"image\":{\"@id\":\"https:\\\/\\\/www.tierravoz.com\\\/laextranaeleccion\\\/#\\\/schema\\\/logo\\\/image\\\/\"}}]}<\/script>\n<!-- \/ Yoast SEO plugin. -->","yoast_head_json":{"title":"Aviso legal - La Extra&ntilde;a Elecci&oacute;n","robots":{"index":"index","follow":"follow","max-snippet":"max-snippet:-1","max-image-preview":"max-image-preview:large","max-video-preview":"max-video-preview:-1"},"canonical":"https:\/\/www.tierravoz.com\/laextranaeleccion\/aviso-legal\/","og_locale":"es_ES","og_type":"article","og_title":"Aviso legal - La Extra&ntilde;a Elecci&oacute;n","og_description":"En este espacio, el USUARIO, podr\u00e1 encontrar toda la informaci\u00f3n relativa a los t\u00e9rminos y condiciones legales que definen las relaciones entre los usuarios y nosotros como responsables de esta web. Como usuario, es importante que conozcas estos t\u00e9rminos antes de continuar tu navegaci\u00f3n. Tierravoz S.L., como responsable de esta web, asume el compromiso de ... Leer m\u00e1s","og_url":"https:\/\/www.tierravoz.com\/laextranaeleccion\/aviso-legal\/","og_site_name":"La Extra&ntilde;a Elecci&oacute;n","article_modified_time":"2021-07-08T12:23:05+00:00","twitter_misc":{"Tiempo de lectura":"9 minutos"},"schema":{"@context":"https:\/\/schema.org","@graph":[{"@type":"WebPage","@id":"https:\/\/www.tierravoz.com\/laextranaeleccion\/aviso-legal\/","url":"https:\/\/www.tierravoz.com\/laextranaeleccion\/aviso-legal\/","name":"Aviso legal - La Extra&ntilde;a Elecci&oacute;n","isPartOf":{"@id":"https:\/\/www.tierravoz.com\/laextranaeleccion\/#website"},"datePublished":"2021-07-08T12:00:32+00:00","dateModified":"2021-07-08T12:23:05+00:00","breadcrumb":{"@id":"https:\/\/www.tierravoz.com\/laextranaeleccion\/aviso-legal\/#breadcrumb"},"inLanguage":"es","potentialAction":[{"@type":"ReadAction","target":["https:\/\/www.tierravoz.com\/laextranaeleccion\/aviso-legal\/"]}]},{"@type":"BreadcrumbList","@id":"https:\/\/www.tierravoz.com\/laextranaeleccion\/aviso-legal\/#breadcrumb","itemListElement":[{"@type":"ListItem","position":1,"name":"Portada","item":"https:\/\/www.tierravoz.com\/laextranaeleccion\/"},{"@type":"ListItem","position":2,"name":"Aviso legal"}]},{"@type":"WebSite","@id":"https:\/\/www.tierravoz.com\/laextranaeleccion\/#website","url":"https:\/\/www.tierravoz.com\/laextranaeleccion\/","name":"La Extra&ntilde;a Elecci&oacute;n","description":"Colocamos el pueblo en el centro de todo y analizamos el mundo","publisher":{"@id":"https:\/\/www.tierravoz.com\/laextranaeleccion\/#organization"},"potentialAction":[{"@type":"SearchAction","target":{"@type":"EntryPoint","urlTemplate":"https:\/\/www.tierravoz.com\/laextranaeleccion\/?s={search_term_string}"},"query-input":{"@type":"PropertyValueSpecification","valueRequired":true,"valueName":"search_term_string"}}],"inLanguage":"es"},{"@type":"Organization","@id":"https:\/\/www.tierravoz.com\/laextranaeleccion\/#organization","name":"La Extra&ntilde;a Elecci&oacute;n","url":"https:\/\/www.tierravoz.com\/laextranaeleccion\/","logo":{"@type":"ImageObject","inLanguage":"es","@id":"https:\/\/www.tierravoz.com\/laextranaeleccion\/#\/schema\/logo\/image\/","url":"https:\/\/www.tierravoz.com\/laextranaeleccion\/wp-content\/uploads\/2018\/02\/logoextrana.png","contentUrl":"https:\/\/www.tierravoz.com\/laextranaeleccion\/wp-content\/uploads\/2018\/02\/logoextrana.png","width":192,"height":30,"caption":"La Extra&ntilde;a Elecci&oacute;n"},"image":{"@id":"https:\/\/www.tierravoz.com\/laextranaeleccion\/#\/schema\/logo\/image\/"}}]}},"_links":{"self":[{"href":"https:\/\/www.tierravoz.com\/laextranaeleccion\/wp-json\/wp\/v2\/pages\/2293","targetHints":{"allow":["GET"]}}],"collection":[{"href":"https:\/\/www.tierravoz.com\/laextranaeleccion\/wp-json\/wp\/v2\/pages"}],"about":[{"href":"https:\/\/www.tierravoz.com\/laextranaeleccion\/wp-json\/wp\/v2\/types\/page"}],"author":[{"embeddable":true,"href":"https:\/\/www.tierravoz.com\/laextranaeleccion\/wp-json\/wp\/v2\/users\/1"}],"replies":[{"embeddable":true,"href":"https:\/\/www.tierravoz.com\/laextranaeleccion\/wp-json\/wp\/v2\/comments?post=2293"}],"version-history":[{"count":4,"href":"https:\/\/www.tierravoz.com\/laextranaeleccion\/wp-json\/wp\/v2\/pages\/2293\/revisions"}],"predecessor-version":[{"id":2301,"href":"https:\/\/www.tierravoz.com\/laextranaeleccion\/wp-json\/wp\/v2\/pages\/2293\/revisions\/2301"}],"wp:attachment":[{"href":"https:\/\/www.tierravoz.com\/laextranaeleccion\/wp-json\/wp\/v2\/media?parent=2293"}],"curies":[{"name":"wp","href":"https:\/\/api.w.org\/{rel}","templated":true}]}}