{"id":2310,"date":"2021-07-08T12:41:42","date_gmt":"2021-07-08T12:41:42","guid":{"rendered":"https:\/\/www.tierravoz.com\/laextranaeleccion\/personalizar-cookies\/"},"modified":"2021-07-08T12:41:42","modified_gmt":"2021-07-08T12:41:42","slug":"personalizar-cookies","status":"publish","type":"page","link":"https:\/\/www.tierravoz.com\/laextranaeleccion\/personalizar-cookies\/","title":{"rendered":"Personalizar Cookies"},"content":{"rendered":"\n<div>\n      <div id=\"custom-cookies-eu-label\">\n\n        Utilizamos cookies propias y de terceros para ofrecerle una mejor experiencia y servicio, de acuerdo a sus h\u00e1bitos de navegaci\u00f3n. Puede aceptar o rechazar las cookies, as\u00ed como obtener m\u00e1s informaci\u00f3n en nuestra p\u00e1gina de\u00a0<a href=\"https:\/\/www.tierravoz.com\/laextranaeleccion\/politica-de-cookies\/\">pol\u00edtica de cookies.<\/a>\n          &nbsp;&nbsp;\n          <a target=\"_blank\" id=\"cookies-eu-more\" rel=\"nofollow\" href=\"https:\/\/www.tierravoz.com\/laextranaeleccion\/politica-de-cookies\/\">M\u00e1s informaci\u00f3n<\/a>\n      <\/div>\n\n      <div id=\"custom-cookies-eu-buttons\" class=\"cookies-eu-buttons\">\n        <button id=\"custom-cookies-eu-reject\" class=\"cookies-eu-reject\">Rechazar<\/button>\n        <button id=\"custom-cookies-eu-accept\" class=\"cookies-eu-accept\">ACEPTAR TODAS LAS COOKIES<\/button><\/div>\n      <\/div>\n\n<br\/>\n<p>\n\tPuedes cambiar tus preferencias de cookies en cualquier momento si vuelves a la p\u00e1gina de Personalizar cookies, a la que puedes acceder a trav\u00e9s del Aviso de cookies. Para obtener m\u00e1s informaci\u00f3n sobre las cookies y c\u00f3mo las usamos, consulta la p\u00e1gina de <a href=\"https:\/\/www.tierravoz.com\/laextranaeleccion\/politica-de-cookies\/\">Pol\u00edtica de Cookies<\/a>.\n<\/p>\n\n<h3>Cookies t\u00e9cnicas<\/h3>\n<p>\n\tSon aquellas que permiten a los usuarios registrados navegar a trav\u00e9s del sitio Web, del \u00e1rea restringida y a utilizar sus diferentes funciones, como por ejemplo, el sistema de comentarios o el buscador y no pueden ser desactivadas.\n<\/p>\n\n\n\n","protected":false},"excerpt":{"rendered":"<p>Utilizamos cookies propias y de terceros para ofrecerle una mejor experiencia y servicio, de acuerdo a sus h\u00e1bitos de navegaci\u00f3n. Puede aceptar o rechazar las cookies, as\u00ed como obtener m\u00e1s informaci\u00f3n en nuestra p\u00e1gina de\u00a0pol\u00edtica de cookies. &nbsp;&nbsp; M\u00e1s informaci\u00f3n Rechazar ACEPTAR TODAS LAS COOKIES Puedes cambiar tus preferencias de cookies en cualquier momento si &#8230; <a title=\"Personalizar Cookies\" class=\"read-more\" href=\"https:\/\/www.tierravoz.com\/laextranaeleccion\/personalizar-cookies\/\" aria-label=\"Leer m\u00e1s sobre Personalizar Cookies\">Leer m\u00e1s<\/a><\/p>\n","protected":false},"author":1,"featured_media":0,"parent":0,"menu_order":0,"comment_status":"closed","ping_status":"closed","template":"","meta":{"footnotes":""},"class_list":["post-2310","page","type-page","status-publish"],"yoast_head":"<!-- This site is optimized with the Yoast SEO plugin v27.4 - https:\/\/yoast.com\/product\/yoast-seo-wordpress\/ -->\n<title>Personalizar Cookies - La Extra&ntilde;a Elecci&oacute;n<\/title>\n<meta name=\"robots\" content=\"index, follow, max-snippet:-1, max-image-preview:large, max-video-preview:-1\" \/>\n<link rel=\"canonical\" href=\"https:\/\/www.tierravoz.com\/laextranaeleccion\/personalizar-cookies\/\" \/>\n<meta property=\"og:locale\" content=\"es_ES\" \/>\n<meta property=\"og:type\" content=\"article\" \/>\n<meta property=\"og:title\" content=\"Personalizar Cookies - La Extra&ntilde;a Elecci&oacute;n\" \/>\n<meta property=\"og:description\" content=\"Utilizamos cookies propias y de terceros para ofrecerle una mejor experiencia y servicio, de acuerdo a sus h\u00e1bitos de navegaci\u00f3n. Puede aceptar o rechazar las cookies, as\u00ed como obtener m\u00e1s informaci\u00f3n en nuestra p\u00e1gina de\u00a0pol\u00edtica de cookies. &nbsp;&nbsp; M\u00e1s informaci\u00f3n Rechazar ACEPTAR TODAS LAS COOKIES Puedes cambiar tus preferencias de cookies en cualquier momento si ... Leer m\u00e1s\" \/>\n<meta property=\"og:url\" content=\"https:\/\/www.tierravoz.com\/laextranaeleccion\/personalizar-cookies\/\" \/>\n<meta property=\"og:site_name\" content=\"La Extra&ntilde;a Elecci&oacute;n\" \/>\n<script type=\"application\/ld+json\" class=\"yoast-schema-graph\">{\"@context\":\"https:\\\/\\\/schema.org\",\"@graph\":[{\"@type\":\"WebPage\",\"@id\":\"https:\\\/\\\/www.tierravoz.com\\\/laextranaeleccion\\\/personalizar-cookies\\\/\",\"url\":\"https:\\\/\\\/www.tierravoz.com\\\/laextranaeleccion\\\/personalizar-cookies\\\/\",\"name\":\"Personalizar Cookies - La Extra&ntilde;a Elecci&oacute;n\",\"isPartOf\":{\"@id\":\"https:\\\/\\\/www.tierravoz.com\\\/laextranaeleccion\\\/#website\"},\"datePublished\":\"2021-07-08T12:41:42+00:00\",\"breadcrumb\":{\"@id\":\"https:\\\/\\\/www.tierravoz.com\\\/laextranaeleccion\\\/personalizar-cookies\\\/#breadcrumb\"},\"inLanguage\":\"es\",\"potentialAction\":[{\"@type\":\"ReadAction\",\"target\":[\"https:\\\/\\\/www.tierravoz.com\\\/laextranaeleccion\\\/personalizar-cookies\\\/\"]}]},{\"@type\":\"BreadcrumbList\",\"@id\":\"https:\\\/\\\/www.tierravoz.com\\\/laextranaeleccion\\\/personalizar-cookies\\\/#breadcrumb\",\"itemListElement\":[{\"@type\":\"ListItem\",\"position\":1,\"name\":\"Portada\",\"item\":\"https:\\\/\\\/www.tierravoz.com\\\/laextranaeleccion\\\/\"},{\"@type\":\"ListItem\",\"position\":2,\"name\":\"Personalizar Cookies\"}]},{\"@type\":\"WebSite\",\"@id\":\"https:\\\/\\\/www.tierravoz.com\\\/laextranaeleccion\\\/#website\",\"url\":\"https:\\\/\\\/www.tierravoz.com\\\/laextranaeleccion\\\/\",\"name\":\"La Extra&ntilde;a Elecci&oacute;n\",\"description\":\"Colocamos el pueblo en el centro de todo y analizamos el mundo\",\"publisher\":{\"@id\":\"https:\\\/\\\/www.tierravoz.com\\\/laextranaeleccion\\\/#organization\"},\"potentialAction\":[{\"@type\":\"SearchAction\",\"target\":{\"@type\":\"EntryPoint\",\"urlTemplate\":\"https:\\\/\\\/www.tierravoz.com\\\/laextranaeleccion\\\/?s={search_term_string}\"},\"query-input\":{\"@type\":\"PropertyValueSpecification\",\"valueRequired\":true,\"valueName\":\"search_term_string\"}}],\"inLanguage\":\"es\"},{\"@type\":\"Organization\",\"@id\":\"https:\\\/\\\/www.tierravoz.com\\\/laextranaeleccion\\\/#organization\",\"name\":\"La Extra&ntilde;a Elecci&oacute;n\",\"url\":\"https:\\\/\\\/www.tierravoz.com\\\/laextranaeleccion\\\/\",\"logo\":{\"@type\":\"ImageObject\",\"inLanguage\":\"es\",\"@id\":\"https:\\\/\\\/www.tierravoz.com\\\/laextranaeleccion\\\/#\\\/schema\\\/logo\\\/image\\\/\",\"url\":\"https:\\\/\\\/www.tierravoz.com\\\/laextranaeleccion\\\/wp-content\\\/uploads\\\/2018\\\/02\\\/logoextrana.png\",\"contentUrl\":\"https:\\\/\\\/www.tierravoz.com\\\/laextranaeleccion\\\/wp-content\\\/uploads\\\/2018\\\/02\\\/logoextrana.png\",\"width\":192,\"height\":30,\"caption\":\"La Extra&ntilde;a Elecci&oacute;n\"},\"image\":{\"@id\":\"https:\\\/\\\/www.tierravoz.com\\\/laextranaeleccion\\\/#\\\/schema\\\/logo\\\/image\\\/\"}}]}<\/script>\n<!-- \/ Yoast SEO plugin. -->","yoast_head_json":{"title":"Personalizar Cookies - La Extra&ntilde;a Elecci&oacute;n","robots":{"index":"index","follow":"follow","max-snippet":"max-snippet:-1","max-image-preview":"max-image-preview:large","max-video-preview":"max-video-preview:-1"},"canonical":"https:\/\/www.tierravoz.com\/laextranaeleccion\/personalizar-cookies\/","og_locale":"es_ES","og_type":"article","og_title":"Personalizar Cookies - La Extra&ntilde;a Elecci&oacute;n","og_description":"Utilizamos cookies propias y de terceros para ofrecerle una mejor experiencia y servicio, de acuerdo a sus h\u00e1bitos de navegaci\u00f3n. Puede aceptar o rechazar las cookies, as\u00ed como obtener m\u00e1s informaci\u00f3n en nuestra p\u00e1gina de\u00a0pol\u00edtica de cookies. &nbsp;&nbsp; M\u00e1s informaci\u00f3n Rechazar ACEPTAR TODAS LAS COOKIES Puedes cambiar tus preferencias de cookies en cualquier momento si ... Leer m\u00e1s","og_url":"https:\/\/www.tierravoz.com\/laextranaeleccion\/personalizar-cookies\/","og_site_name":"La Extra&ntilde;a Elecci&oacute;n","schema":{"@context":"https:\/\/schema.org","@graph":[{"@type":"WebPage","@id":"https:\/\/www.tierravoz.com\/laextranaeleccion\/personalizar-cookies\/","url":"https:\/\/www.tierravoz.com\/laextranaeleccion\/personalizar-cookies\/","name":"Personalizar Cookies - La Extra&ntilde;a Elecci&oacute;n","isPartOf":{"@id":"https:\/\/www.tierravoz.com\/laextranaeleccion\/#website"},"datePublished":"2021-07-08T12:41:42+00:00","breadcrumb":{"@id":"https:\/\/www.tierravoz.com\/laextranaeleccion\/personalizar-cookies\/#breadcrumb"},"inLanguage":"es","potentialAction":[{"@type":"ReadAction","target":["https:\/\/www.tierravoz.com\/laextranaeleccion\/personalizar-cookies\/"]}]},{"@type":"BreadcrumbList","@id":"https:\/\/www.tierravoz.com\/laextranaeleccion\/personalizar-cookies\/#breadcrumb","itemListElement":[{"@type":"ListItem","position":1,"name":"Portada","item":"https:\/\/www.tierravoz.com\/laextranaeleccion\/"},{"@type":"ListItem","position":2,"name":"Personalizar Cookies"}]},{"@type":"WebSite","@id":"https:\/\/www.tierravoz.com\/laextranaeleccion\/#website","url":"https:\/\/www.tierravoz.com\/laextranaeleccion\/","name":"La Extra&ntilde;a Elecci&oacute;n","description":"Colocamos el pueblo en el centro de todo y analizamos el mundo","publisher":{"@id":"https:\/\/www.tierravoz.com\/laextranaeleccion\/#organization"},"potentialAction":[{"@type":"SearchAction","target":{"@type":"EntryPoint","urlTemplate":"https:\/\/www.tierravoz.com\/laextranaeleccion\/?s={search_term_string}"},"query-input":{"@type":"PropertyValueSpecification","valueRequired":true,"valueName":"search_term_string"}}],"inLanguage":"es"},{"@type":"Organization","@id":"https:\/\/www.tierravoz.com\/laextranaeleccion\/#organization","name":"La Extra&ntilde;a Elecci&oacute;n","url":"https:\/\/www.tierravoz.com\/laextranaeleccion\/","logo":{"@type":"ImageObject","inLanguage":"es","@id":"https:\/\/www.tierravoz.com\/laextranaeleccion\/#\/schema\/logo\/image\/","url":"https:\/\/www.tierravoz.com\/laextranaeleccion\/wp-content\/uploads\/2018\/02\/logoextrana.png","contentUrl":"https:\/\/www.tierravoz.com\/laextranaeleccion\/wp-content\/uploads\/2018\/02\/logoextrana.png","width":192,"height":30,"caption":"La Extra&ntilde;a Elecci&oacute;n"},"image":{"@id":"https:\/\/www.tierravoz.com\/laextranaeleccion\/#\/schema\/logo\/image\/"}}]}},"_links":{"self":[{"href":"https:\/\/www.tierravoz.com\/laextranaeleccion\/wp-json\/wp\/v2\/pages\/2310","targetHints":{"allow":["GET"]}}],"collection":[{"href":"https:\/\/www.tierravoz.com\/laextranaeleccion\/wp-json\/wp\/v2\/pages"}],"about":[{"href":"https:\/\/www.tierravoz.com\/laextranaeleccion\/wp-json\/wp\/v2\/types\/page"}],"author":[{"embeddable":true,"href":"https:\/\/www.tierravoz.com\/laextranaeleccion\/wp-json\/wp\/v2\/users\/1"}],"replies":[{"embeddable":true,"href":"https:\/\/www.tierravoz.com\/laextranaeleccion\/wp-json\/wp\/v2\/comments?post=2310"}],"version-history":[{"count":0,"href":"https:\/\/www.tierravoz.com\/laextranaeleccion\/wp-json\/wp\/v2\/pages\/2310\/revisions"}],"wp:attachment":[{"href":"https:\/\/www.tierravoz.com\/laextranaeleccion\/wp-json\/wp\/v2\/media?parent=2310"}],"curies":[{"name":"wp","href":"https:\/\/api.w.org\/{rel}","templated":true}]}}