{"id":256,"date":"2014-02-13T22:13:20","date_gmt":"2014-02-13T22:13:20","guid":{"rendered":"http:\/\/www.krismencia.com\/test\/?page_id=256"},"modified":"2021-05-28T17:59:47","modified_gmt":"2021-05-28T17:59:47","slug":"colabora","status":"publish","type":"page","link":"https:\/\/www.tierravoz.com\/laextranaeleccion\/colabora\/","title":{"rendered":"Colabora"},"content":{"rendered":"\t\t<div data-elementor-type=\"wp-page\" data-elementor-id=\"256\" class=\"elementor elementor-256\">\n\t\t\t\t\t\t<section class=\"elementor-section elementor-top-section elementor-element elementor-element-55be5c5d elementor-section-height-full elementor-section-boxed elementor-section-height-default elementor-section-items-middle\" data-id=\"55be5c5d\" data-element_type=\"section\" data-e-type=\"section\" data-settings=\"{&quot;background_background&quot;:&quot;classic&quot;}\">\n\t\t\t\t\t\t\t<div class=\"elementor-background-overlay\"><\/div>\n\t\t\t\t\t\t\t<div class=\"elementor-container elementor-column-gap-default\">\n\t\t\t\t\t<div class=\"elementor-column elementor-col-100 elementor-top-column elementor-element elementor-element-59f53f46\" data-id=\"59f53f46\" data-element_type=\"column\" data-e-type=\"column\">\n\t\t\t<div class=\"elementor-widget-wrap elementor-element-populated\">\n\t\t\t\t\t\t<section class=\"elementor-section elementor-inner-section elementor-element elementor-element-5e137997 elementor-section-boxed elementor-section-height-default elementor-section-height-default\" data-id=\"5e137997\" data-element_type=\"section\" data-e-type=\"section\">\n\t\t\t\t\t\t<div class=\"elementor-container elementor-column-gap-default\">\n\t\t\t\t\t<div class=\"elementor-column elementor-col-100 elementor-inner-column elementor-element elementor-element-1ed3b34a\" data-id=\"1ed3b34a\" data-element_type=\"column\" data-e-type=\"column\">\n\t\t\t<div class=\"elementor-widget-wrap elementor-element-populated\">\n\t\t\t\t\t\t<div class=\"elementor-element elementor-element-784d472a elementor-widget elementor-widget-heading\" data-id=\"784d472a\" data-element_type=\"widget\" data-e-type=\"widget\" data-widget_type=\"heading.default\">\n\t\t\t\t<div class=\"elementor-widget-container\">\n\t\t\t\t\t<h1 class=\"elementor-heading-title elementor-size-default\">Colabora.<\/h1>\t\t\t\t<\/div>\n\t\t\t\t<\/div>\n\t\t\t\t\t<\/div>\n\t\t<\/div>\n\t\t\t\t\t<\/div>\n\t\t<\/section>\n\t\t\t\t<section class=\"elementor-section elementor-inner-section elementor-element elementor-element-2d3c07e3 elementor-section-boxed elementor-section-height-default elementor-section-height-default\" data-id=\"2d3c07e3\" data-element_type=\"section\" data-e-type=\"section\">\n\t\t\t\t\t\t<div class=\"elementor-container elementor-column-gap-default\">\n\t\t\t\t\t<div class=\"elementor-column elementor-col-100 elementor-inner-column elementor-element elementor-element-61ad15a3\" data-id=\"61ad15a3\" data-element_type=\"column\" data-e-type=\"column\">\n\t\t\t<div class=\"elementor-widget-wrap elementor-element-populated\">\n\t\t\t\t\t\t<div class=\"elementor-element elementor-element-702ab559 elementor-align-center elementor-mobile-align-center elementor-widget elementor-widget-button\" data-id=\"702ab559\" data-element_type=\"widget\" data-e-type=\"widget\" data-widget_type=\"button.default\">\n\t\t\t\t<div class=\"elementor-widget-container\">\n\t\t\t\t\t\t\t\t\t<div class=\"elementor-button-wrapper\">\n\t\t\t\t\t<a class=\"elementor-button elementor-button-link elementor-size-sm\" href=\"#colabora\">\n\t\t\t\t\t\t<span class=\"elementor-button-content-wrapper\">\n\t\t\t\t\t\t\t\t\t<span class=\"elementor-button-text\">Continuar<\/span>\n\t\t\t\t\t<\/span>\n\t\t\t\t\t<\/a>\n\t\t\t\t<\/div>\n\t\t\t\t\t\t\t\t<\/div>\n\t\t\t\t<\/div>\n\t\t\t\t<div class=\"elementor-element elementor-element-27ba0fa7 elementor-widget-divider--view-line_icon elementor-view-default elementor-widget-divider--element-align-center elementor-widget elementor-widget-divider\" data-id=\"27ba0fa7\" data-element_type=\"widget\" data-e-type=\"widget\" data-widget_type=\"divider.default\">\n\t\t\t\t<div class=\"elementor-widget-container\">\n\t\t\t\t\t\t\t<div class=\"elementor-divider\">\n\t\t\t<span class=\"elementor-divider-separator\">\n\t\t\t\t\t\t\t<div class=\"elementor-icon elementor-divider__element\">\n\t\t\t\t\t<i aria-hidden=\"true\" class=\"fas fa-angle-double-down\"><\/i><\/div>\n\t\t\t\t\t\t<\/span>\n\t\t<\/div>\n\t\t\t\t\t\t<\/div>\n\t\t\t\t<\/div>\n\t\t\t\t\t<\/div>\n\t\t<\/div>\n\t\t\t\t\t<\/div>\n\t\t<\/section>\n\t\t\t\t\t<\/div>\n\t\t<\/div>\n\t\t\t\t\t<\/div>\n\t\t<\/section>\n\t\t\t\t<section class=\"elementor-section elementor-top-section elementor-element elementor-element-4b07c23d elementor-section-boxed elementor-section-height-default elementor-section-height-default\" data-id=\"4b07c23d\" data-element_type=\"section\" data-e-type=\"section\" id=\"colabora\" data-settings=\"{&quot;background_background&quot;:&quot;classic&quot;}\">\n\t\t\t\t\t\t<div class=\"elementor-container elementor-column-gap-default\">\n\t\t\t\t\t<div class=\"elementor-column elementor-col-100 elementor-top-column elementor-element elementor-element-437a3ef3\" data-id=\"437a3ef3\" data-element_type=\"column\" data-e-type=\"column\">\n\t\t\t<div class=\"elementor-widget-wrap elementor-element-populated\">\n\t\t\t\t\t\t<section class=\"elementor-section elementor-inner-section elementor-element elementor-element-4ac44805 elementor-section-boxed elementor-section-height-default elementor-section-height-default\" data-id=\"4ac44805\" data-element_type=\"section\" data-e-type=\"section\">\n\t\t\t\t\t\t<div class=\"elementor-container elementor-column-gap-default\">\n\t\t\t\t\t<div class=\"elementor-column elementor-col-100 elementor-inner-column elementor-element elementor-element-34ca8f26\" data-id=\"34ca8f26\" data-element_type=\"column\" data-e-type=\"column\">\n\t\t\t<div class=\"elementor-widget-wrap elementor-element-populated\">\n\t\t\t\t\t\t<div class=\"elementor-element elementor-element-b460170 elementor-widget elementor-widget-heading\" data-id=\"b460170\" data-element_type=\"widget\" data-e-type=\"widget\" data-widget_type=\"heading.default\">\n\t\t\t\t<div class=\"elementor-widget-container\">\n\t\t\t\t\t<h2 class=\"elementor-heading-title elementor-size-default\">Por qu\u00e9 colaborar.<\/h2>\t\t\t\t<\/div>\n\t\t\t\t<\/div>\n\t\t\t\t\t<\/div>\n\t\t<\/div>\n\t\t\t\t\t<\/div>\n\t\t<\/section>\n\t\t\t\t<section class=\"elementor-section elementor-inner-section elementor-element elementor-element-058e1f8 elementor-section-boxed elementor-section-height-default elementor-section-height-default\" data-id=\"058e1f8\" data-element_type=\"section\" data-e-type=\"section\">\n\t\t\t\t\t\t<div class=\"elementor-container elementor-column-gap-default\">\n\t\t\t\t\t<div class=\"elementor-column elementor-col-50 elementor-inner-column elementor-element elementor-element-5ef0901\" data-id=\"5ef0901\" data-element_type=\"column\" data-e-type=\"column\">\n\t\t\t<div class=\"elementor-widget-wrap elementor-element-populated\">\n\t\t\t\t\t\t<div class=\"elementor-element elementor-element-8e42bb5 elementor-widget elementor-widget-text-editor\" data-id=\"8e42bb5\" data-element_type=\"widget\" data-e-type=\"widget\" data-widget_type=\"text-editor.default\">\n\t\t\t\t<div class=\"elementor-widget-container\">\n\t\t\t\t\t\t\t\t\t<h3 style=\"font-size: 21px; line-height: 1.3em;\">Los pueblos en La Extra\u00f1a Elecci\u00f3n son lugares \u00f3ptimos y deseados para vivir, territorios en los que j\u00f3venes con proyectos de futuro y empresas desarrollan actividades interesantes. Que todo ello fructifique depende de la atenci\u00f3n y la valoraci\u00f3n que queramos darles.<\/h3>\t\t\t\t\t\t\t\t<\/div>\n\t\t\t\t<\/div>\n\t\t\t\t\t<\/div>\n\t\t<\/div>\n\t\t\t\t<div class=\"elementor-column elementor-col-50 elementor-inner-column elementor-element elementor-element-c3e221b\" data-id=\"c3e221b\" data-element_type=\"column\" data-e-type=\"column\">\n\t\t\t<div class=\"elementor-widget-wrap elementor-element-populated\">\n\t\t\t\t\t\t<div class=\"elementor-element elementor-element-893c1db elementor-widget elementor-widget-text-editor\" data-id=\"893c1db\" data-element_type=\"widget\" data-e-type=\"widget\" data-widget_type=\"text-editor.default\">\n\t\t\t\t<div class=\"elementor-widget-container\">\n\t\t\t\t\t\t\t\t\t<p>Si aprecias y compartes la visi\u00f3n de un medio rural lleno de oportunidades, por el que merece la pena luchar, si eres persona, empresa o entidad vinculada o interesada en un modelo de desarrollo que integre el medio rural, si quieres servir de apoyo a la expansi\u00f3n de un mensaje positivo, motivador y reivindicativo:<\/p><p>Te invitamos a ser uno\/a de nuestro\/as mecenas.<\/p>\t\t\t\t\t\t\t\t<\/div>\n\t\t\t\t<\/div>\n\t\t\t\t\t<\/div>\n\t\t<\/div>\n\t\t\t\t\t<\/div>\n\t\t<\/section>\n\t\t\t\t<section class=\"elementor-section elementor-inner-section elementor-element elementor-element-ab4387c elementor-section-boxed elementor-section-height-default elementor-section-height-default\" data-id=\"ab4387c\" data-element_type=\"section\" data-e-type=\"section\">\n\t\t\t\t\t\t<div class=\"elementor-container elementor-column-gap-default\">\n\t\t\t\t\t<div class=\"elementor-column elementor-col-50 elementor-inner-column elementor-element elementor-element-2f409bf\" data-id=\"2f409bf\" data-element_type=\"column\" data-e-type=\"column\">\n\t\t\t<div class=\"elementor-widget-wrap elementor-element-populated\">\n\t\t\t\t\t\t<div class=\"elementor-element elementor-element-7adfba2 elementor-widget elementor-widget-heading\" data-id=\"7adfba2\" data-element_type=\"widget\" data-e-type=\"widget\" data-widget_type=\"heading.default\">\n\t\t\t\t<div class=\"elementor-widget-container\">\n\t\t\t\t\t<h2 class=\"elementor-heading-title elementor-size-default\">Para qu\u00e9 necesitamos financiaci\u00f3n.<\/h2>\t\t\t\t<\/div>\n\t\t\t\t<\/div>\n\t\t\t\t<div class=\"elementor-element elementor-element-1471440 elementor-widget elementor-widget-text-editor\" data-id=\"1471440\" data-element_type=\"widget\" data-e-type=\"widget\" data-widget_type=\"text-editor.default\">\n\t\t\t\t<div class=\"elementor-widget-container\">\n\t\t\t\t\t\t\t\t\t<p>Hemos realizado un documental, una serie de televisi\u00f3n y esta plataforma. Queremos que la iniciativa siga desarroll\u00e1ndose y para ello necesitamos financiar los siguientes apartados.<\/p><ul><li>Comunicaci\u00f3n y producci\u00f3n de materiales de difusi\u00f3n: carteler\u00eda, postales, materiales promocionales.<\/li><li>Elaboraci\u00f3n de DVD y producci\u00f3n de copias.<\/li><li>Organizaci\u00f3n y dinamizaci\u00f3n de eventos.<\/li><li>Distribuci\u00f3n.<\/li><li>Desarrollo del proyecto transmedia: ampliaci\u00f3n de la plataforma, dinamizaci\u00f3n y elaboraci\u00f3n de campa\u00f1as y nuevos contenidos.<\/li><\/ul>\t\t\t\t\t\t\t\t<\/div>\n\t\t\t\t<\/div>\n\t\t\t\t\t<\/div>\n\t\t<\/div>\n\t\t\t\t<div class=\"elementor-column elementor-col-50 elementor-inner-column elementor-element elementor-element-a58d424\" data-id=\"a58d424\" data-element_type=\"column\" data-e-type=\"column\">\n\t\t\t<div class=\"elementor-widget-wrap elementor-element-populated\">\n\t\t\t\t\t\t<div class=\"elementor-element elementor-element-a50d9ec elementor-widget elementor-widget-heading\" data-id=\"a50d9ec\" data-element_type=\"widget\" data-e-type=\"widget\" data-widget_type=\"heading.default\">\n\t\t\t\t<div class=\"elementor-widget-container\">\n\t\t\t\t\t<h2 class=\"elementor-heading-title elementor-size-default\">C\u00f3mo contribuir.<\/h2>\t\t\t\t<\/div>\n\t\t\t\t<\/div>\n\t\t\t\t<div class=\"elementor-element elementor-element-8a5668a elementor-widget elementor-widget-text-editor\" data-id=\"8a5668a\" data-element_type=\"widget\" data-e-type=\"widget\" data-widget_type=\"text-editor.default\">\n\t\t\t\t<div class=\"elementor-widget-container\">\n\t\t\t\t\t\t\t\t\t<p>Puedes ayudar con<b>\u00a0tu donaci\u00f3n<\/b>\u00a0a sostener y expandir un proyecto que libera la mirada de prejuicios e ideas sobre la vida en los pueblos y reivindica cambios necesarios para que puedan ser entendidos y habitados contribuyendo a una sociedad m\u00e1s sostenible.<\/p><p>Por favor dona al nivel que puedas hacerlo. Cada euro cuenta.<\/p><p><strong>Gracias\u00a0a vuestras aportaciones econ\u00f3micas ser\u00e1 posible.<\/strong><\/p>\t\t\t\t\t\t\t\t<\/div>\n\t\t\t\t<\/div>\n\t\t\t\t\t<\/div>\n\t\t<\/div>\n\t\t\t\t\t<\/div>\n\t\t<\/section>\n\t\t\t\t<section class=\"elementor-section elementor-inner-section elementor-element elementor-element-4786e05 elementor-section-boxed elementor-section-height-default elementor-section-height-default\" data-id=\"4786e05\" data-element_type=\"section\" data-e-type=\"section\">\n\t\t\t\t\t\t<div class=\"elementor-container elementor-column-gap-default\">\n\t\t\t\t\t<div class=\"elementor-column elementor-col-100 elementor-inner-column elementor-element elementor-element-27ea9d82\" data-id=\"27ea9d82\" data-element_type=\"column\" data-e-type=\"column\">\n\t\t\t<div class=\"elementor-widget-wrap elementor-element-populated\">\n\t\t\t\t\t\t<div class=\"elementor-element elementor-element-cd4646d elementor-widget-divider--view-line_icon elementor-view-default elementor-widget-divider--element-align-center elementor-widget elementor-widget-divider\" data-id=\"cd4646d\" data-element_type=\"widget\" data-e-type=\"widget\" data-widget_type=\"divider.default\">\n\t\t\t\t<div class=\"elementor-widget-container\">\n\t\t\t\t\t\t\t<div class=\"elementor-divider\">\n\t\t\t<span class=\"elementor-divider-separator\">\n\t\t\t\t\t\t\t<div class=\"elementor-icon elementor-divider__element\">\n\t\t\t\t\t<i aria-hidden=\"true\" class=\"far fa-hand-peace\"><\/i><\/div>\n\t\t\t\t\t\t<\/span>\n\t\t<\/div>\n\t\t\t\t\t\t<\/div>\n\t\t\t\t<\/div>\n\t\t\t\t<div class=\"elementor-element elementor-element-74d440bd elementor-widget elementor-widget-heading\" data-id=\"74d440bd\" data-element_type=\"widget\" data-e-type=\"widget\" data-widget_type=\"heading.default\">\n\t\t\t\t<div class=\"elementor-widget-container\">\n\t\t\t\t\t<h3 class=\"elementor-heading-title elementor-size-default\">\u00a1Forma parte del proyecto!<\/h3>\t\t\t\t<\/div>\n\t\t\t\t<\/div>\n\t\t\t\t\t<\/div>\n\t\t<\/div>\n\t\t\t\t\t<\/div>\n\t\t<\/section>\n\t\t\t\t<section class=\"elementor-section elementor-inner-section elementor-element elementor-element-deed8aa elementor-section-boxed elementor-section-height-default elementor-section-height-default\" data-id=\"deed8aa\" data-element_type=\"section\" data-e-type=\"section\">\n\t\t\t\t\t\t<div class=\"elementor-container elementor-column-gap-default\">\n\t\t\t\t\t<div class=\"elementor-column elementor-col-50 elementor-inner-column elementor-element elementor-element-3a2b47d\" data-id=\"3a2b47d\" data-element_type=\"column\" data-e-type=\"column\">\n\t\t\t<div class=\"elementor-widget-wrap elementor-element-populated\">\n\t\t\t\t\t\t<div class=\"elementor-element elementor-element-d5d75d3 elementor-align-center elementor-widget elementor-widget-button\" data-id=\"d5d75d3\" data-element_type=\"widget\" data-e-type=\"widget\" data-widget_type=\"button.default\">\n\t\t\t\t<div class=\"elementor-widget-container\">\n\t\t\t\t\t\t\t\t\t<div class=\"elementor-button-wrapper\">\n\t\t\t\t\t<a class=\"elementor-button elementor-button-link elementor-size-sm\" href=\"http:\/\/www.tierravoz.com\/laextranaeleccion\/colabora\/recompensas\/\">\n\t\t\t\t\t\t<span class=\"elementor-button-content-wrapper\">\n\t\t\t\t\t\t<span class=\"elementor-button-icon\">\n\t\t\t\t<i aria-hidden=\"true\" class=\"fas fa-child\"><\/i>\t\t\t<\/span>\n\t\t\t\t\t\t\t\t\t<span class=\"elementor-button-text\">Si eres PARTICULAR<\/span>\n\t\t\t\t\t<\/span>\n\t\t\t\t\t<\/a>\n\t\t\t\t<\/div>\n\t\t\t\t\t\t\t\t<\/div>\n\t\t\t\t<\/div>\n\t\t\t\t\t<\/div>\n\t\t<\/div>\n\t\t\t\t<div class=\"elementor-column elementor-col-50 elementor-inner-column elementor-element elementor-element-7f4f4e0\" data-id=\"7f4f4e0\" data-element_type=\"column\" data-e-type=\"column\">\n\t\t\t<div class=\"elementor-widget-wrap elementor-element-populated\">\n\t\t\t\t\t\t<div class=\"elementor-element elementor-element-1bde173 elementor-align-center elementor-widget elementor-widget-button\" data-id=\"1bde173\" data-element_type=\"widget\" data-e-type=\"widget\" data-widget_type=\"button.default\">\n\t\t\t\t<div class=\"elementor-widget-container\">\n\t\t\t\t\t\t\t\t\t<div class=\"elementor-button-wrapper\">\n\t\t\t\t\t<a class=\"elementor-button elementor-button-link elementor-size-sm\" href=\"http:\/\/www.tierravoz.com\/laextranaeleccion\/colabora\/recompensas-entidades\/\">\n\t\t\t\t\t\t<span class=\"elementor-button-content-wrapper\">\n\t\t\t\t\t\t<span class=\"elementor-button-icon\">\n\t\t\t\t<i aria-hidden=\"true\" class=\"fas fa-building\"><\/i>\t\t\t<\/span>\n\t\t\t\t\t\t\t\t\t<span class=\"elementor-button-text\">Si eres EMPRESA O ENTIDAD<\/span>\n\t\t\t\t\t<\/span>\n\t\t\t\t\t<\/a>\n\t\t\t\t<\/div>\n\t\t\t\t\t\t\t\t<\/div>\n\t\t\t\t<\/div>\n\t\t\t\t\t<\/div>\n\t\t<\/div>\n\t\t\t\t\t<\/div>\n\t\t<\/section>\n\t\t\t\t<section class=\"elementor-section elementor-inner-section elementor-element elementor-element-f0f428c elementor-section-boxed elementor-section-height-default elementor-section-height-default\" data-id=\"f0f428c\" data-element_type=\"section\" data-e-type=\"section\">\n\t\t\t\t\t\t<div class=\"elementor-container elementor-column-gap-default\">\n\t\t\t\t\t<div class=\"elementor-column elementor-col-100 elementor-inner-column elementor-element elementor-element-5e0201c\" data-id=\"5e0201c\" data-element_type=\"column\" data-e-type=\"column\">\n\t\t\t<div class=\"elementor-widget-wrap elementor-element-populated\">\n\t\t\t\t\t\t<div class=\"elementor-element elementor-element-101a737 elementor-widget-divider--view-line elementor-widget elementor-widget-divider\" data-id=\"101a737\" data-element_type=\"widget\" data-e-type=\"widget\" data-widget_type=\"divider.default\">\n\t\t\t\t<div class=\"elementor-widget-container\">\n\t\t\t\t\t\t\t<div class=\"elementor-divider\">\n\t\t\t<span class=\"elementor-divider-separator\">\n\t\t\t\t\t\t<\/span>\n\t\t<\/div>\n\t\t\t\t\t\t<\/div>\n\t\t\t\t<\/div>\n\t\t\t\t\t<\/div>\n\t\t<\/div>\n\t\t\t\t\t<\/div>\n\t\t<\/section>\n\t\t\t\t\t<\/div>\n\t\t<\/div>\n\t\t\t\t\t<\/div>\n\t\t<\/section>\n\t\t\t\t<\/div>\n\t\t","protected":false},"excerpt":{"rendered":"<p>Colabora. Continuar Por qu\u00e9 colaborar. Los pueblos en La Extra\u00f1a Elecci\u00f3n son lugares \u00f3ptimos y deseados para vivir, territorios en los que j\u00f3venes con proyectos de futuro y empresas desarrollan actividades interesantes. Que todo ello fructifique depende de la atenci\u00f3n y la valoraci\u00f3n que queramos darles. Si aprecias y compartes la visi\u00f3n de un medio &#8230; <a title=\"Colabora\" class=\"read-more\" href=\"https:\/\/www.tierravoz.com\/laextranaeleccion\/colabora\/\" aria-label=\"Leer m\u00e1s sobre Colabora\">Leer m\u00e1s<\/a><\/p>\n","protected":false},"author":1,"featured_media":0,"parent":0,"menu_order":0,"comment_status":"closed","ping_status":"closed","template":"","meta":{"footnotes":""},"class_list":["post-256","page","type-page","status-publish"],"yoast_head":"<!-- This site is optimized with the Yoast SEO plugin v27.4 - https:\/\/yoast.com\/product\/yoast-seo-wordpress\/ -->\n<title>Colabora - La Extra&ntilde;a Elecci&oacute;n<\/title>\n<meta name=\"description\" content=\"Los pueblos son espacios con proyectos de futuro y actividades interesantes. Que todo fructifique depende de la atenci\u00f3n que queramos darles\" \/>\n<meta name=\"robots\" content=\"index, follow, max-snippet:-1, max-image-preview:large, max-video-preview:-1\" \/>\n<link rel=\"canonical\" href=\"https:\/\/www.tierravoz.com\/laextranaeleccion\/colabora\/\" \/>\n<meta property=\"og:locale\" content=\"es_ES\" \/>\n<meta property=\"og:type\" content=\"article\" \/>\n<meta property=\"og:title\" content=\"Colabora - La Extra&ntilde;a Elecci&oacute;n\" \/>\n<meta property=\"og:description\" content=\"Los pueblos son espacios con proyectos de futuro y actividades interesantes. Que todo fructifique depende de la atenci\u00f3n que queramos darles\" \/>\n<meta property=\"og:url\" content=\"https:\/\/www.tierravoz.com\/laextranaeleccion\/colabora\/\" \/>\n<meta property=\"og:site_name\" content=\"La Extra&ntilde;a Elecci&oacute;n\" \/>\n<meta property=\"article:modified_time\" content=\"2021-05-28T17:59:47+00:00\" \/>\n<meta name=\"twitter:label1\" content=\"Tiempo de lectura\" \/>\n\t<meta name=\"twitter:data1\" content=\"2 minutos\" \/>\n<script type=\"application\/ld+json\" class=\"yoast-schema-graph\">{\"@context\":\"https:\\\/\\\/schema.org\",\"@graph\":[{\"@type\":\"WebPage\",\"@id\":\"https:\\\/\\\/www.tierravoz.com\\\/laextranaeleccion\\\/colabora\\\/\",\"url\":\"https:\\\/\\\/www.tierravoz.com\\\/laextranaeleccion\\\/colabora\\\/\",\"name\":\"Colabora - La Extra&ntilde;a Elecci&oacute;n\",\"isPartOf\":{\"@id\":\"https:\\\/\\\/www.tierravoz.com\\\/laextranaeleccion\\\/#website\"},\"datePublished\":\"2014-02-13T22:13:20+00:00\",\"dateModified\":\"2021-05-28T17:59:47+00:00\",\"description\":\"Los pueblos son espacios con proyectos de futuro y actividades interesantes. Que todo fructifique depende de la atenci\u00f3n que queramos darles\",\"breadcrumb\":{\"@id\":\"https:\\\/\\\/www.tierravoz.com\\\/laextranaeleccion\\\/colabora\\\/#breadcrumb\"},\"inLanguage\":\"es\",\"potentialAction\":[{\"@type\":\"ReadAction\",\"target\":[\"https:\\\/\\\/www.tierravoz.com\\\/laextranaeleccion\\\/colabora\\\/\"]}]},{\"@type\":\"BreadcrumbList\",\"@id\":\"https:\\\/\\\/www.tierravoz.com\\\/laextranaeleccion\\\/colabora\\\/#breadcrumb\",\"itemListElement\":[{\"@type\":\"ListItem\",\"position\":1,\"name\":\"Portada\",\"item\":\"https:\\\/\\\/www.tierravoz.com\\\/laextranaeleccion\\\/\"},{\"@type\":\"ListItem\",\"position\":2,\"name\":\"Colabora\"}]},{\"@type\":\"WebSite\",\"@id\":\"https:\\\/\\\/www.tierravoz.com\\\/laextranaeleccion\\\/#website\",\"url\":\"https:\\\/\\\/www.tierravoz.com\\\/laextranaeleccion\\\/\",\"name\":\"La Extra&ntilde;a Elecci&oacute;n\",\"description\":\"Colocamos el pueblo en el centro de todo y analizamos el mundo\",\"publisher\":{\"@id\":\"https:\\\/\\\/www.tierravoz.com\\\/laextranaeleccion\\\/#organization\"},\"potentialAction\":[{\"@type\":\"SearchAction\",\"target\":{\"@type\":\"EntryPoint\",\"urlTemplate\":\"https:\\\/\\\/www.tierravoz.com\\\/laextranaeleccion\\\/?s={search_term_string}\"},\"query-input\":{\"@type\":\"PropertyValueSpecification\",\"valueRequired\":true,\"valueName\":\"search_term_string\"}}],\"inLanguage\":\"es\"},{\"@type\":\"Organization\",\"@id\":\"https:\\\/\\\/www.tierravoz.com\\\/laextranaeleccion\\\/#organization\",\"name\":\"La Extra&ntilde;a Elecci&oacute;n\",\"url\":\"https:\\\/\\\/www.tierravoz.com\\\/laextranaeleccion\\\/\",\"logo\":{\"@type\":\"ImageObject\",\"inLanguage\":\"es\",\"@id\":\"https:\\\/\\\/www.tierravoz.com\\\/laextranaeleccion\\\/#\\\/schema\\\/logo\\\/image\\\/\",\"url\":\"https:\\\/\\\/www.tierravoz.com\\\/laextranaeleccion\\\/wp-content\\\/uploads\\\/2018\\\/02\\\/logoextrana.png\",\"contentUrl\":\"https:\\\/\\\/www.tierravoz.com\\\/laextranaeleccion\\\/wp-content\\\/uploads\\\/2018\\\/02\\\/logoextrana.png\",\"width\":192,\"height\":30,\"caption\":\"La Extra&ntilde;a Elecci&oacute;n\"},\"image\":{\"@id\":\"https:\\\/\\\/www.tierravoz.com\\\/laextranaeleccion\\\/#\\\/schema\\\/logo\\\/image\\\/\"}}]}<\/script>\n<!-- \/ Yoast SEO plugin. -->","yoast_head_json":{"title":"Colabora - La Extra&ntilde;a Elecci&oacute;n","description":"Los pueblos son espacios con proyectos de futuro y actividades interesantes. Que todo fructifique depende de la atenci\u00f3n que queramos darles","robots":{"index":"index","follow":"follow","max-snippet":"max-snippet:-1","max-image-preview":"max-image-preview:large","max-video-preview":"max-video-preview:-1"},"canonical":"https:\/\/www.tierravoz.com\/laextranaeleccion\/colabora\/","og_locale":"es_ES","og_type":"article","og_title":"Colabora - La Extra&ntilde;a Elecci&oacute;n","og_description":"Los pueblos son espacios con proyectos de futuro y actividades interesantes. Que todo fructifique depende de la atenci\u00f3n que queramos darles","og_url":"https:\/\/www.tierravoz.com\/laextranaeleccion\/colabora\/","og_site_name":"La Extra&ntilde;a Elecci&oacute;n","article_modified_time":"2021-05-28T17:59:47+00:00","twitter_misc":{"Tiempo de lectura":"2 minutos"},"schema":{"@context":"https:\/\/schema.org","@graph":[{"@type":"WebPage","@id":"https:\/\/www.tierravoz.com\/laextranaeleccion\/colabora\/","url":"https:\/\/www.tierravoz.com\/laextranaeleccion\/colabora\/","name":"Colabora - La Extra&ntilde;a Elecci&oacute;n","isPartOf":{"@id":"https:\/\/www.tierravoz.com\/laextranaeleccion\/#website"},"datePublished":"2014-02-13T22:13:20+00:00","dateModified":"2021-05-28T17:59:47+00:00","description":"Los pueblos son espacios con proyectos de futuro y actividades interesantes. Que todo fructifique depende de la atenci\u00f3n que queramos darles","breadcrumb":{"@id":"https:\/\/www.tierravoz.com\/laextranaeleccion\/colabora\/#breadcrumb"},"inLanguage":"es","potentialAction":[{"@type":"ReadAction","target":["https:\/\/www.tierravoz.com\/laextranaeleccion\/colabora\/"]}]},{"@type":"BreadcrumbList","@id":"https:\/\/www.tierravoz.com\/laextranaeleccion\/colabora\/#breadcrumb","itemListElement":[{"@type":"ListItem","position":1,"name":"Portada","item":"https:\/\/www.tierravoz.com\/laextranaeleccion\/"},{"@type":"ListItem","position":2,"name":"Colabora"}]},{"@type":"WebSite","@id":"https:\/\/www.tierravoz.com\/laextranaeleccion\/#website","url":"https:\/\/www.tierravoz.com\/laextranaeleccion\/","name":"La Extra&ntilde;a Elecci&oacute;n","description":"Colocamos el pueblo en el centro de todo y analizamos el mundo","publisher":{"@id":"https:\/\/www.tierravoz.com\/laextranaeleccion\/#organization"},"potentialAction":[{"@type":"SearchAction","target":{"@type":"EntryPoint","urlTemplate":"https:\/\/www.tierravoz.com\/laextranaeleccion\/?s={search_term_string}"},"query-input":{"@type":"PropertyValueSpecification","valueRequired":true,"valueName":"search_term_string"}}],"inLanguage":"es"},{"@type":"Organization","@id":"https:\/\/www.tierravoz.com\/laextranaeleccion\/#organization","name":"La Extra&ntilde;a Elecci&oacute;n","url":"https:\/\/www.tierravoz.com\/laextranaeleccion\/","logo":{"@type":"ImageObject","inLanguage":"es","@id":"https:\/\/www.tierravoz.com\/laextranaeleccion\/#\/schema\/logo\/image\/","url":"https:\/\/www.tierravoz.com\/laextranaeleccion\/wp-content\/uploads\/2018\/02\/logoextrana.png","contentUrl":"https:\/\/www.tierravoz.com\/laextranaeleccion\/wp-content\/uploads\/2018\/02\/logoextrana.png","width":192,"height":30,"caption":"La Extra&ntilde;a Elecci&oacute;n"},"image":{"@id":"https:\/\/www.tierravoz.com\/laextranaeleccion\/#\/schema\/logo\/image\/"}}]}},"_links":{"self":[{"href":"https:\/\/www.tierravoz.com\/laextranaeleccion\/wp-json\/wp\/v2\/pages\/256","targetHints":{"allow":["GET"]}}],"collection":[{"href":"https:\/\/www.tierravoz.com\/laextranaeleccion\/wp-json\/wp\/v2\/pages"}],"about":[{"href":"https:\/\/www.tierravoz.com\/laextranaeleccion\/wp-json\/wp\/v2\/types\/page"}],"author":[{"embeddable":true,"href":"https:\/\/www.tierravoz.com\/laextranaeleccion\/wp-json\/wp\/v2\/users\/1"}],"replies":[{"embeddable":true,"href":"https:\/\/www.tierravoz.com\/laextranaeleccion\/wp-json\/wp\/v2\/comments?post=256"}],"version-history":[{"count":50,"href":"https:\/\/www.tierravoz.com\/laextranaeleccion\/wp-json\/wp\/v2\/pages\/256\/revisions"}],"predecessor-version":[{"id":2259,"href":"https:\/\/www.tierravoz.com\/laextranaeleccion\/wp-json\/wp\/v2\/pages\/256\/revisions\/2259"}],"wp:attachment":[{"href":"https:\/\/www.tierravoz.com\/laextranaeleccion\/wp-json\/wp\/v2\/media?parent=256"}],"curies":[{"name":"wp","href":"https:\/\/api.w.org\/{rel}","templated":true}]}}